{"id":30541,"date":"2019-04-25T17:33:47","date_gmt":"2019-04-25T15:33:47","guid":{"rendered":"https:\/\/gome.adiweb.es\/?page_id=30541"},"modified":"2019-05-20T13:36:01","modified_gmt":"2019-05-20T11:36:01","slug":"politica-de-privacidad","status":"publish","type":"page","link":"https:\/\/gome.adiweb.es\/?page_id=30541&lang=es","title":{"rendered":"Pol\u00edtica de Privacidad"},"content":{"rendered":"<h2><strong><u>TRATAMIENTO DE DATOS DE CAR\u00c1CTER PERSONAL<\/u><\/strong><\/h2>\n<p>En GOMETEGUI INDUSTRIAL, S.L. nos preocupamos por los datos de car\u00e1cter personal que tratamos y por el exacto cumplimiento de la normativa vigente en materia de protecci\u00f3n de datos de car\u00e1cter personal, entre otras, el Reglamento (UE) 2016\/679 del Parlamento Europeo y del Consejo de 27 de abril de 2016 relativo a la protecci\u00f3n de las personas f\u00edsicas en lo que respecta al tratamiento de datos personales y a la libre circulaci\u00f3n de estos datos y por el que se deroga la Directiva 95\/46\/CE.<\/p>\n<p>De acuerdo con ello, se informa de las siguientes cuestiones relativas a los tratamientos de datos de car\u00e1cter personal que realizamos en GOMETEGUI INDUSTRIAL, S.L.:<\/p>\n<h3><strong><u>\u00bfQui\u00e9n es el responsable del tratamiento de sus datos personales?<\/u><\/strong><\/h3>\n<p><strong><em>Identidad<\/em><\/strong>: GOMETEGUI INDUSTRIAL, S.L.<\/p>\n<p><strong><em>NIF<\/em><\/strong>: B01565647<\/p>\n<p><strong><em>Direcci\u00f3n postal<\/em><\/strong><strong>:<\/strong> Katuxa Ibarra, n\u00ba 7<\/p>\n<p>01400 de Laudio-Llodio (\u00c1lava)<\/p>\n<p><strong><em>Tel\u00e9fono<\/em><\/strong>: +(34) 946 728 505<\/p>\n<p><strong><em>Correo electr\u00f3nico<\/em><\/strong>: info@ngometegui.local.<\/p>\n<h3><strong><u>Principios relativos al tratamiento<\/u><\/strong><\/h3>\n<p>En el tratamiento de datos personales que se realiza en el mismo se respetan los principios exigidos por el Reglamento (UE) 2016\/679 del Parlamento Europeo y del Consejo de 27 de abril de 2016 relativo a la protecci\u00f3n de las personas f\u00edsicas en lo que respecta al tratamiento de datos personales y a la libre circulaci\u00f3n de estos datos y por el que se deroga la Directiva 95\/46\/CE (en adelante, RGPD):<\/p>\n<ul>\n<li><em><u>Principio de licitud, lealtad y transparencia<\/u><\/em>: los datos que recogemos son tratados de forma l\u00edcita, leal y transparente, con el previo consentimiento de los interesados cuando fuera necesario o, en su caso, para la ejecuci\u00f3n de un contrato en el que el interesado es parte o para la aplicaci\u00f3n a petici\u00f3n de este de medidas precontractuales, o bien, si el tratamiento es necesario para el cumplimiento de una obligaci\u00f3n legal aplicable, o para la satisfacci\u00f3n de intereses leg\u00edtimos perseguidos por el responsable o por un tercero, siempre que sobre dichos intereses no prevalezcan los intereses o los derechos y libertados fundamentales del interesado que requieran la protecci\u00f3n de datos personales, en particular cuando el interesado sea un ni\u00f1o.<\/li>\n<li><em><u>Principio de limitaci\u00f3n de la finalidad<\/u><\/em>: los datos personales que tratamos se utilizan para las finalidades indicadas en el apartado <em>\u201c\u00bfCon qu\u00e9 finalidad utilizamos sus datos personales\u201d<\/em>.<\/li>\n<li><em><u>Principio de minimizaci\u00f3n de datos<\/u><\/em>: de acuerdo con este principio, los \u00fanicos datos personales que recabamos de los usuarios son los estrictamente necesarios para gestionar la relaci\u00f3n contractual o para poder atender las consultas, sugerencias y \/o solicitudes de informaci\u00f3n que nos realizan.<\/li>\n<li><em><u>Principio de exactitud<\/u><\/em>: los datos personales que recabamos se mantendr\u00e1n exactos y, si fuera necesario, actualizados. Para ello, en caso de que se produzca alg\u00fan cambio de datos personales el usuario nos lo deber\u00e1 comunicar de forma que podamos realizar la oportuna actualizaci\u00f3n.<\/li>\n<li><em><u>Principio de limitaci\u00f3n del plazo de conservaci\u00f3n<\/u><\/em>: los datos personales que tratamos se conservar\u00e1n durante los plazos indicados en el apartado <em>\u201c\u00bfDurante cu\u00e1nto tiempo conservaremos sus datos personales?\u201d<\/em>.<\/li>\n<li><em><u>Principio de integridad y confidencialidad<\/u><\/em>: para respetar este principio, los datos personales ser\u00e1n tratados de forma que se garantice una seguridad adecuada de los mismos, incluida la protecci\u00f3n contra el tratamiento no autorizado o il\u00edcito y contra su p\u00e9rdida, destrucci\u00f3n o da\u00f1o accidental, aplicando para ello las medidas t\u00e9cnicas y organizativas apropiadas.<\/li>\n<\/ul>\n<h4><strong><em><u>\u00bfCon qu\u00e9 finalidad utilizamos sus datos personales (usuarios o no de la p\u00e1gina web)?<\/u><\/em><\/strong><\/h4>\n<p><strong><em>Datos de clientes<\/em><\/strong>: los datos personales que nos proporcionan se utilizar\u00e1n para el adecuado mantenimiento, desarrollo, cumplimiento y control de la relaci\u00f3n contractual con los clientes y la prestaci\u00f3n de los servicios que demandan.<\/p>\n<p><strong><em>Datos de proveedores<\/em><\/strong>: para el adecuado mantenimiento, desarrollo, cumplimiento y control de la relaci\u00f3n contractual con nuestros proveedores y de los servicios que nos prestan.<\/p>\n<p><strong><em>Datos de personal<\/em><\/strong>: para mantenimiento, desarrollo, cumplimiento y control de la relaci\u00f3n contractual con nuestros empleados, as\u00ed como cumplimiento de la normativa vigente en materia laboral, de Seguridad Social y de Prevenci\u00f3n de Riesgos Laborales que resulte de aplicaci\u00f3n.<\/p>\n<p><strong><em>Datos de candidatos<\/em><\/strong>: para gestionar la participaci\u00f3n de los interesados en los procesos de selecci\u00f3n de personal que realice la empresa.<\/p>\n<p><strong><em>Datos recabados a trav\u00e9s del formulario de contacto<\/em><\/strong>: para gestionar y dar respuesta a las consultas o solicitudes de informaci\u00f3n que realizan los interesados.<\/p>\n<p>&nbsp;<\/p>\n<h4><strong><em><u>Tratamientos de datos excluidos por el RGPD<\/u><\/em><\/strong><\/h4>\n<p>El Considerando 14 del RGPD establece que \u201cla protecci\u00f3n otorgada por el presente Reglamento debe aplicarse a las personas f\u00edsicas, independientemente de su nacionalidad o de su lugar de residencia, en relaci\u00f3n con el tratamiento de sus datos personales. El presente Reglamento no regula el tratamiento de datos personales relativos a personas jur\u00eddicas y en particular a empresas constituidas como personas jur\u00eddicas, incluido el nombre y la forma de la persona jur\u00eddica y sus datos de contacto\u201d.<\/p>\n<p>Ello implica que esta normativa y las obligaciones y derechos que contempla no resultar\u00e1n de aplicaci\u00f3n a algunos de los tratamientos de datos que se realiza por parte de GOMETEGUI INDUSTRIAL, S.L., como son los relativos a clientes y a proveedores.<\/p>\n<h4><strong><em><u>\u00bfCu\u00e1l es la legitimaci\u00f3n para el tratamiento de sus datos personales?<\/u><\/em><\/strong><\/h4>\n<p><strong><em>Datos de clientes<\/em><\/strong>: la base legal o jur\u00eddica para el tratamiento de sus datos personales es la ejecuci\u00f3n del contrato en el que son parte.<\/p>\n<p><strong><em>Datos de proveedores<\/em><\/strong>: la base legal o jur\u00eddica para el tratamiento de los datos personales de los proveedores es la ejecuci\u00f3n del contrato en el que estos son parte.<\/p>\n<p><strong><em>Datos de personal<\/em><\/strong>: la base legal o jur\u00eddica para el tratamiento de los datos personales de los trabajadores es la ejecuci\u00f3n del contrato laboral en el que estos son parte.<\/p>\n<p><strong><em>Datos de candidatos<\/em><\/strong>: la base legal o jur\u00eddica para el tratamiento de los datos personales del interesado es el consentimiento que prestan al facilitarnos su curriculum vitae para participar en los procesos de selecci\u00f3n de personal que realicemos.<\/p>\n<p><strong><em>Datos recabados a trav\u00e9s del formulario de contacto<\/em><\/strong>: la base legal o jur\u00eddica para el tratamiento de los datos personales que nos facilitan los interesados al cumplimentar el formulario es el consentimiento prestado al contactar con nosotros a trav\u00e9s del mismo y, por tanto, la necesidad de dicho tratamiento para atender y responder a la solicitud de contacto que nos realiza.<\/p>\n<h3><strong><em><u>\u00bfC\u00f3mo hemos obtenidos sus datos personales?<\/u><\/em><\/strong><\/h3>\n<p>Todos los datos personales que tratamos en GOMETEGUI INDUSTRIAL, S.L. nos los proporcionan los propios interesados o sus representantes legales.<\/p>\n<p>Los datos personales que recabamos a trav\u00e9s de este sitio web han sido recabados a trav\u00e9s del formulario de contacto o bien mediante la direcci\u00f3n de correo electr\u00f3nico habilitada para establecer contacto con nosotros.<\/p>\n<p>&nbsp;<\/p>\n<p>&nbsp;<\/p>\n<h3><strong><em><u>\u00bfA qu\u00e9 destinatarios se comunicar\u00e1n sus datos personales?<\/u><\/em><\/strong><\/h3>\n<p>Los datos personales de los clientes, proveedores y empleados se comunicar\u00e1n, en su caso, a la administraci\u00f3n tributaria para el cumplimiento de obligaciones legales y tributarias, as\u00ed como a la\/s entidad\/es financieras a trav\u00e9s de la\/s cual\/es GOMETEGUI INDUSTRIAL, S.L. gestione los cobros (en el caso de clientes) y pagos (en el caso de proveedores y empleados).<\/p>\n<p>En el resto de tratamientos, no se comunicar\u00e1n los datos a terceros salvo que fuera necesario para el cumplimiento de obligaciones legales.<\/p>\n<p>Asimismo, para algunas cuestiones utilizamos servicios de terceros, que act\u00faan como encargados del tratamiento, con quienes hemos firmado el correspondiente contrato de tratamiento de datos de acuerdo con lo dispuesto por el art\u00edculo 28.3 del RGPD.<\/p>\n<h3><strong><em><u>\u00bfDurante cu\u00e1nto tiempo conservaremos sus datos personales?<\/u><\/em><\/strong><\/h3>\n<p><strong><em>Datos de clientes y de proveedores<\/em><\/strong>: los datos personales se conservar\u00e1n durante la vigencia de la relaci\u00f3n contractual correspondiente y, una vez finalizada esta, durante los plazos de prescripci\u00f3n de responsabilidades establecidas por las disposiciones legales que resulten de aplicaci\u00f3n.<\/p>\n<p><strong><em>Datos de personal<\/em><\/strong>: los datos personales de los empleados se conservar\u00e1n durante la vigencia de la relaci\u00f3n contractual laboral y, una vez finalizada esta, durante los plazos de prescripci\u00f3n de responsabilidades establecidas por las disposiciones legales que resulten de aplicaci\u00f3n.<\/p>\n<p><strong><em>Datos de candidatos<\/em><\/strong>: los datos personales de los candidatos se conservar\u00e1n durante un plazo m\u00e1ximo de dos a\u00f1os.<\/p>\n<p><strong><em>Datos recabados a trav\u00e9s del formulario de contacto<\/em><\/strong>: los datos personales que nos proporcionan los usuarios al rellenar el formulario se conservar\u00e1n \u00fanicamente durante la gesti\u00f3n de las solicitudes que nos realizan de tal forma que, una vez finalizada su tramitaci\u00f3n, se proceder\u00e1 a su supresi\u00f3n.<\/p>\n<h3><strong><em><u>\u00bfCu\u00e1les son sus derechos cuando nos facilita sus datos personales?<\/u><\/em><\/strong><\/h3>\n<ul>\n<li><em>Derecho a solicitar el acceso a sus datos personales<\/em>: con el fin de conocer y verificar la licitud del tratamiento, usted podr\u00e1 solicitarnos en cualquier momento confirmaci\u00f3n de si GOMETEGUI INDUSTRIAL, S.L. est\u00e1 tratando sus datos de car\u00e1cter personal y, en tal caso, le informaremos, entre otras cuestiones, sobre qu\u00e9 datos estamos tratando, su finalidad, origen de los datos, plazo previsto de conservaci\u00f3n de los datos y, en su caso, destinatarios o categor\u00edas de destinatarios.<\/li>\n<li><em>Derecho a solicitar su rectificaci\u00f3n:<\/em> usted podr\u00e1 solicitarnos la rectificaci\u00f3n de los datos personales que sean inexactos o que completemos los que sean incompletos, inclusive mediante una declaraci\u00f3n adicional. En tal caso deber\u00e1 indicar en su solicitud a qu\u00e9 datos se refiere y la correcci\u00f3n que haya de realizarse, debiendo acompa\u00f1ar, en su caso, la documentaci\u00f3n justificativa de la inexactitud o car\u00e1cter incompleto de los datos objeto de tratamiento.<\/li>\n<li><em>Derecho a solicitar su<\/em> <em>supresi\u00f3n (\u201cderecho al olvido\u201d)<\/em>: usted puede solicitarnos que sus datos personales se supriman y dejen de tratarse si ya no son necesarios para los fines para los que fueron recogidos o tratados de otro modo, retire su consentimiento, hayan sido tratados il\u00edcitamente o deban ser suprimidos para el cumplimiento de una obligaci\u00f3n legal.<\/li>\n<li><em>Derecho a solicitar la limitaci\u00f3n del tratamiento de sus datos personales<\/em>: en este caso GOMETEGUI INDUSTRIAL, S.L. \u00fanicamente conservar\u00e1 sus datos personales para la formulaci\u00f3n, el ejercicio o la defensa de reclamaciones, o con miras a la protecci\u00f3n de los derechos de otra persona f\u00edsica o jur\u00eddica o por razones de inter\u00e9s p\u00fablico importante.<\/li>\n<li><em>Derecho a la portabilidad de sus datos personales<\/em>: puede solicitarnos que le entreguemos sus datos personales, a usted o a otro responsable que usted nos indique, en un formato estructurado, de uso com\u00fan y lectura mec\u00e1nica.<\/li>\n<li><em>Derecho a oponerse al tratamiento<\/em>: GOMETEGUI INDUSTRIAL, S.L. dejar\u00e1 de tratar sus datos personales en la forma que usted indique, salvo que tengamos que seguir trat\u00e1ndolos por motivos leg\u00edtimos imperiosos o para la formulaci\u00f3n, el ejercicio o la defensa de posibles reclamaciones.<\/li>\n<\/ul>\n<p><em>C\u00f3mo ejercer sus derechos de protecci\u00f3n de datos<\/em>: para ejercer sus derechos debe enviarnos una solicitud por escrito dirigida a GOMETEGUI INDUSTRIAL, S.L. en Katuxa Ibarra, n\u00ba 7 C.P. 01400 de Laudio-Llodio (\u00c1lava) o enviando un correo electr\u00f3nico a info@ngometegui.local, acompa\u00f1ando en todo caso fotocopia de su DNI.<\/p>\n<p>GOMETEGUI INDUSTRIAL, S.L. responder\u00e1 todas las solicitudes en los plazos y condiciones que exige la normativa vigente en materia de protecci\u00f3n de datos de car\u00e1cter personal.<\/p>\n<p><em>C\u00f3mo presentar una reclamaci\u00f3n ante la Agencia Espa\u00f1ola de Protecci\u00f3n de Datos<\/em>: si usted considera que no hemos tratado adecuadamente sus datos personales o que no hemos atendido debidamente en el ejercicio de sus derechos de protecci\u00f3n de datos, puede presentar una reclamaci\u00f3n ante la Agencia Espa\u00f1ola de Protecci\u00f3n de Datos, bien a trav\u00e9s de su sede electr\u00f3nica o en su domicilio, en calle Jorge Juan, n\u00ba 6, C.P. 28001 de Madrid.<\/p>\n<p>M\u00e1s informaci\u00f3n sobre los derechos de protecci\u00f3n de datos y reclamaciones ante la Autoridad de control en www.aepd.es.<\/p>\n<h2><strong><u>Seguridad<\/u><\/strong><\/h2>\n<p>De acuerdo a lo dispuesto en el art\u00edculo 32 del RGPD, GOMETEGUI INDUSTRIAL, S.L. ha adoptado las medidas t\u00e9cnicas y organizativas apropiadas para garantizar un nivel de seguridad adecuado al riesgo.<\/p>\n<p>A fin de evaluar la adecuaci\u00f3n del nivel de seguridad se han tenido particularmente en cuenta los riesgos que presenta el tratamiento de datos, en particular como consecuencia de la destrucci\u00f3n, p\u00e9rdida o alteraci\u00f3n accidental o il\u00edcita de datos personales transmitidos, conservados o tratados de otra forma, o la comunicaci\u00f3n o acceso no autorizado a dichos datos.<\/p>\n<h2><strong><u>Deber de secreto<\/u><\/strong><\/h2>\n<p>GOMETEGUI INDUSTRIAL, S.L. ha adoptado medidas para garantizar que cualquier persona que act\u00fae bajo su respectiva autoridad y tenga acceso a los datos personales que nos facilitan los usuarios, s\u00f3lo puedan tratarlos siguiendo instrucciones de la empresa, debiendo adem\u00e1s guardar el correspondiente secreto profesional sobre los mismos, que tendr\u00e1 una duraci\u00f3n indefinida.<\/p>\n<p>A tal efecto, nuestros empleados han firmado un documento de confidencialidad y deber de secreto respecto a la informaci\u00f3n y los datos personales que tratan con ocasi\u00f3n de la relaci\u00f3n laboral existente con la empresa.<\/p>\n<p><strong><u>Uso de la web por menores de edad<\/u><\/strong><\/p>\n<p>Rogamos a los usuarios lean las pol\u00edticas de uso de web por menores de edad que hemos publicado en el \u201cAviso legal\u201d de nuestro sitio web.<\/p>\n<h2><strong><u>Cookies<\/u><\/strong><\/h2>\n<p>Las cookies son ficheros de texto de peque\u00f1o tama\u00f1o que se almacenan en el disco duro o en la memoria del ordenador que accede o visita las p\u00e1ginas de determinados sitios web, de forma que se puedan conocer las preferencias del usuario al volver a conectarse. Las cookies almacenadas en el disco duro del usuario no pueden leer los datos contenidos en \u00e9l, acceder a informaci\u00f3n personal ni leer las cookies creadas por otros proveedores.<\/p>\n<p>Ver informaci\u00f3n sobre las cookies utilizadas en este sitio web en el apartado \u201cPol\u00edtica de cookies\u201d.<\/p>\n<p><strong><em>Texto de fecha: 20 de mayo de 2019<\/em><\/strong><\/p>\n","protected":false},"excerpt":{"rendered":"<p>TRATAMIENTO DE DATOS DE CAR\u00c1CTER PERSONAL En GOMETEGUI INDUSTRIAL, S.L. nos preocupamos por los datos de car\u00e1cter personal que tratamos y por el exacto cumplimiento de la normativa vigente en materia de protecci\u00f3n de datos de car\u00e1cter personal, entre otras, el Reglamento (UE) 2016\/679 del Parlamento Europeo y del Consejo de 27 de abril de [&hellip;]<\/p>\n","protected":false},"author":1,"featured_media":0,"parent":0,"menu_order":0,"comment_status":"closed","ping_status":"closed","template":"","meta":{"_et_pb_use_builder":"","_et_pb_old_content":"","_et_gb_content_width":"","footnotes":""},"class_list":["post-30541","page","type-page","status-publish","hentry"],"yoast_head":"<!-- This site is optimized with the Yoast SEO plugin v16.3 - https:\/\/yoast.com\/wordpress\/plugins\/seo\/ -->\n<title>Pol\u00edtica de Privacidad - Gometegui Industrial S.L.<\/title>\n<meta name=\"robots\" content=\"index, follow, max-snippet:-1, max-image-preview:large, max-video-preview:-1\" \/>\n<link rel=\"canonical\" href=\"https:\/\/gome.adiweb.es\/?page_id=30541&#038;lang=es\" \/>\n<meta property=\"og:locale\" content=\"es_ES\" \/>\n<meta property=\"og:type\" content=\"article\" \/>\n<meta property=\"og:title\" content=\"Pol\u00edtica de Privacidad - Gometegui Industrial S.L.\" \/>\n<meta property=\"og:description\" content=\"TRATAMIENTO DE DATOS DE CAR\u00c1CTER PERSONAL En GOMETEGUI INDUSTRIAL, S.L. nos preocupamos por los datos de car\u00e1cter personal que tratamos y por el exacto cumplimiento de la normativa vigente en materia de protecci\u00f3n de datos de car\u00e1cter personal, entre otras, el Reglamento (UE) 2016\/679 del Parlamento Europeo y del Consejo de 27 de abril de [&hellip;]\" \/>\n<meta property=\"og:url\" content=\"https:\/\/gome.adiweb.es\/?page_id=30541&amp;lang=es\" \/>\n<meta property=\"og:site_name\" content=\"Gometegui Industrial S.L.\" \/>\n<meta property=\"article:modified_time\" content=\"2019-05-20T11:36:01+00:00\" \/>\n<meta name=\"twitter:card\" content=\"summary_large_image\" \/>\n<meta name=\"twitter:label1\" content=\"Tiempo de lectura\">\n\t<meta name=\"twitter:data1\" content=\"12 minutos\">\n<script type=\"application\/ld+json\" class=\"yoast-schema-graph\">{\"@context\":\"https:\/\/schema.org\",\"@graph\":[{\"@type\":\"WebSite\",\"@id\":\"https:\/\/gome.adiweb.es\/#website\",\"url\":\"https:\/\/gome.adiweb.es\/\",\"name\":\"Gometegui Industrial S.L.\",\"description\":\"Calderer\\u00eda industrial pesada\",\"potentialAction\":[{\"@type\":\"SearchAction\",\"target\":\"https:\/\/gome.adiweb.es\/?s={search_term_string}\",\"query-input\":\"required name=search_term_string\"}],\"inLanguage\":\"es\"},{\"@type\":\"WebPage\",\"@id\":\"https:\/\/gome.adiweb.es\/?page_id=30541&lang=es#webpage\",\"url\":\"https:\/\/gome.adiweb.es\/?page_id=30541&lang=es\",\"name\":\"Pol\\u00edtica de Privacidad - Gometegui Industrial S.L.\",\"isPartOf\":{\"@id\":\"https:\/\/gome.adiweb.es\/#website\"},\"datePublished\":\"2019-04-25T15:33:47+00:00\",\"dateModified\":\"2019-05-20T11:36:01+00:00\",\"breadcrumb\":{\"@id\":\"https:\/\/gome.adiweb.es\/?page_id=30541&lang=es#breadcrumb\"},\"inLanguage\":\"es\",\"potentialAction\":[{\"@type\":\"ReadAction\",\"target\":[\"https:\/\/gome.adiweb.es\/?page_id=30541&lang=es\"]}]},{\"@type\":\"BreadcrumbList\",\"@id\":\"https:\/\/gome.adiweb.es\/?page_id=30541&lang=es#breadcrumb\",\"itemListElement\":[{\"@type\":\"ListItem\",\"position\":1,\"item\":{\"@type\":\"WebPage\",\"@id\":\"https:\/\/gome.adiweb.es\/?page_id=17&lang=es\",\"url\":\"https:\/\/gome.adiweb.es\/?page_id=17&lang=es\",\"name\":\"Portada\"}},{\"@type\":\"ListItem\",\"position\":2,\"item\":{\"@id\":\"https:\/\/gome.adiweb.es\/?page_id=30541&lang=es#webpage\"}}]}]}<\/script>\n<!-- \/ Yoast SEO plugin. -->","_links":{"self":[{"href":"https:\/\/gome.adiweb.es\/index.php?rest_route=\/wp\/v2\/pages\/30541","targetHints":{"allow":["GET"]}}],"collection":[{"href":"https:\/\/gome.adiweb.es\/index.php?rest_route=\/wp\/v2\/pages"}],"about":[{"href":"https:\/\/gome.adiweb.es\/index.php?rest_route=\/wp\/v2\/types\/page"}],"author":[{"embeddable":true,"href":"https:\/\/gome.adiweb.es\/index.php?rest_route=\/wp\/v2\/users\/1"}],"replies":[{"embeddable":true,"href":"https:\/\/gome.adiweb.es\/index.php?rest_route=%2Fwp%2Fv2%2Fcomments&post=30541"}],"version-history":[{"count":3,"href":"https:\/\/gome.adiweb.es\/index.php?rest_route=\/wp\/v2\/pages\/30541\/revisions"}],"predecessor-version":[{"id":31014,"href":"https:\/\/gome.adiweb.es\/index.php?rest_route=\/wp\/v2\/pages\/30541\/revisions\/31014"}],"wp:attachment":[{"href":"https:\/\/gome.adiweb.es\/index.php?rest_route=%2Fwp%2Fv2%2Fmedia&parent=30541"}],"curies":[{"name":"wp","href":"https:\/\/api.w.org\/{rel}","templated":true}]}}