{"id":30857,"date":"2019-05-15T20:11:22","date_gmt":"2019-05-15T18:11:22","guid":{"rendered":"https:\/\/gome.adiweb.es\/politica-de-cookies\/"},"modified":"2019-05-20T13:28:44","modified_gmt":"2019-05-20T11:28:44","slug":"politica-de-cookies","status":"publish","type":"page","link":"https:\/\/gome.adiweb.es\/?page_id=30857&lang=es","title":{"rendered":"Pol\u00edtica de Cookies"},"content":{"rendered":"<h2><strong><u>Informaci\u00f3n sobre las cookies<\/u><\/strong><\/h2>\n<p><strong><u>Redacci\u00f3n actualizada a 20 de mayo de 2019<\/u><\/strong><\/p>\n<h3><strong>\u00bf<\/strong><strong>Qu\u00e9 son las cookies?<\/strong><\/h3>\n<p>Las cookies son ficheros de texto de peque\u00f1o tama\u00f1o que se almacenan en el disco duro o en la memoria del ordenador que accede o visita las p\u00e1ginas de determinados sitios web, de forma que se puedan conocer las preferencias del usuario al volver a conectarse. Las cookies almacenadas en el disco duro del usuario no pueden leer los datos contenidos en \u00e9l, acceder a informaci\u00f3n personal ni leer las cookies creadas por otros proveedores.<\/p>\n<h3><strong>\u00bfQu\u00e9 tipo de\u00a0cookies\u00a0existen?<\/strong><\/h3>\n<h4><em><u>Seg\u00fan la entidad que las gestione<\/u><\/em><em>:<\/em><\/h4>\n<p><em>Cookies propias:<\/em>\u00a0son las generadas por la p\u00e1gina que est\u00e1 visitando.<\/p>\n<p><em>Cookies de terceros<\/em>:\u00a0son las generadas por servicios o proveedores externos como Facebook, Twitter, Google, etc.<\/p>\n<h4><em><u>Seg\u00fan el plazo de tiempo que permanecen activas<\/u><\/em><em>:<\/em><\/h4>\n<p><em>Cookies de sesi\u00f3n<\/em>: son un tipo de cookies dise\u00f1adas para recabar y almacenar datos mientras el usuario accede a una p\u00e1gina web.<\/p>\n<p><em>Cookies persistentes<\/em>: son un tipo de cookies en el que los datos siguen almacenados en el terminal y pueden ser accedidos y tratados durante un periodo definido por el responsable de la cookie.<\/p>\n<h4><em><u>Seg\u00fan su finalidad<\/u><\/em><em>:<\/em><\/h4>\n<p><em>Cookies<\/em>\u00a0<em>t\u00e9cnicas<\/em>: son las m\u00e1s elementales y permiten, entre otras cosas, saber cu\u00e1ndo est\u00e1 navegando un humano o una aplicaci\u00f3n automatizada, cu\u00e1ndo navega un usuario an\u00f3nimo y uno registrado, tareas b\u00e1sicas para el funcionamiento de cualquier web din\u00e1mica.<\/p>\n<p><em>Cookies de personalizaci\u00f3n<\/em>: son aqu\u00e9llas que permiten al usuario acceder al servicio con algunas caracter\u00edsticas de car\u00e1cter general predefinidas en su terminal o que el propio usuario defina. Por ejemplo, el idioma, el tipo de navegador a trav\u00e9s del cual accede al servicio, el dise\u00f1o de contenidos seleccionado, geolocalizaci\u00f3n del terminal y la configuraci\u00f3n regional desde donde se accede al servicio, etc.<\/p>\n<p><em>Cookies<\/em><em>\u00a0de an\u00e1lisis<\/em>: recogen informaci\u00f3n sobre el tipo de navegaci\u00f3n que est\u00e1 realizando, las secciones que m\u00e1s utiliza, productos consultados, franja horaria de uso, idioma, etc.<\/p>\n<p><em>Cookies<\/em>\u00a0<em>publicitarias<\/em>: muestran publicidad en funci\u00f3n de su navegaci\u00f3n, su pa\u00eds de procedencia, idioma, etc.<\/p>\n<p><em>Cookies de publicidad comportamental<\/em>: son aquellas que permiten la gesti\u00f3n eficaz de los espacios publicitarios que se han incluido en la p\u00e1gina web o aplicaci\u00f3n desde la que se presta el servicio. Estas cookies almacenan informaci\u00f3n del comportamiento de los usuarios a trav\u00e9s de la observaci\u00f3n permitiendo posteriormente desarrollar un perfil espec\u00edfico para mostrar publicidad en funci\u00f3n del mismo.<\/p>\n<h3><strong>\u00bfQu\u00e9 tipo de cookies utilizamos en www.gometegui.com?<\/strong><\/h3>\n<table width=\"425\">\n<tbody>\n<tr>\n<td width=\"124\"><strong>Nombe<\/strong><\/td>\n<td width=\"153\"><strong>finalidad<\/strong><\/td>\n<td width=\"149\"><strong>Duraci\u00f3n<\/strong><\/td>\n<\/tr>\n<tr>\n<td width=\"124\"><strong>_ga<\/strong><\/td>\n<td width=\"153\">Google Analytics<\/td>\n<td width=\"149\">1 mes<\/td>\n<\/tr>\n<tr>\n<td width=\"124\"><strong>_gid<\/strong><\/td>\n<td width=\"153\">Google Analytics<\/td>\n<td width=\"149\">24 horas<\/td>\n<\/tr>\n<tr>\n<td width=\"124\"><strong>pl_languaje<\/strong><\/td>\n<td width=\"153\">Polylang, traducci\u00f3n<\/td>\n<td width=\"149\">1 a\u00f1o<\/td>\n<\/tr>\n<tr>\n<td width=\"124\"><strong>viewed_cookie_policy<\/strong><\/td>\n<td width=\"153\">Cookies de uso interno necesaria para el funcionamiento de la\u00a0visualizaci\u00f3n\u00a0de la pol\u00edtica de cookies de la web<\/td>\n<td width=\"149\">1 a\u00f1o<\/td>\n<\/tr>\n<tr>\n<td width=\"124\"><strong>wordpress_logged_in_<\/strong><\/td>\n<td width=\"153\">Cookies de sesi\u00f3n WordPress. Despu\u00e9s del login, WordPress activa la cookie wordpress_logged_in [hash], que indica cuando te has conectado y qui\u00e9n eres, siendo usado para la interfaz de WordPress.<\/td>\n<td width=\"149\">Al finalizar la sesi\u00f3n<\/td>\n<\/tr>\n<tr>\n<td width=\"124\"><strong>wordpress_sec_<\/strong><\/td>\n<td width=\"153\">Cookies de sesi\u00f3n WordPress. Realiza an\u00e1lisis de seguridad de la instalaci\u00f3n de\u00a0WordPress. Es propia y de finalidad t\u00e9cnica.<\/td>\n<td width=\"149\">Al finalizar la sesi\u00f3n<\/td>\n<\/tr>\n<tr>\n<td width=\"124\"><strong>wordpress_test_cookie_<\/strong><\/td>\n<td width=\"153\">Cookies de sesi\u00f3n WordPress. Esta\u00a0cookie\u00a0se usa para que el gestor de contenidos WordPress compruebe si el navegador tiene las cookies activadas.<\/td>\n<td width=\"149\">Al finalizar la sesi\u00f3n<\/td>\n<\/tr>\n<tr>\n<td width=\"124\"><strong>wordpress-settings-1\/-2<\/strong><\/td>\n<td width=\"153\">Cookies de sesi\u00f3n WordPress. \u00a0Estas cookies son utilizadas por WordPress para personalizar la Interfaz de Usuario.<\/td>\n<td width=\"149\">1 a\u00f1o<\/td>\n<\/tr>\n<tr>\n<td width=\"124\"><strong>wordpress-settings-time-1\/-2<\/strong><\/td>\n<td width=\"153\">Cookies de sesi\u00f3n WordPress. \u00a0Estas cookies son utilizadas por WordPress para personalizar la Interfaz de Usuario.<\/td>\n<td width=\"149\">1 a\u00f1o<\/td>\n<\/tr>\n<tr>\n<td width=\"124\"><strong>1P-JAR<\/strong><\/td>\n<td rowspan=\"12\" width=\"153\">Google. Estas cookies se utilizan para recoger informaci\u00f3n sobre el uso de nuestro sitio web por parte de los visitantes. Utilizamos la informaci\u00f3n para elaborar informes y para mejorar el sitio. Estas cookies se asocian \u00fanicamente a un usuario an\u00f3nimo y a su ordenador\/dispositivo sin proporcionar referencias que permitan conocer datos personales. Recogen el n\u00famero de visitantes al sitio, el tiempo que duran las visitas, el navegador, el tipo de terminal, el lugar de procedencia de los visitantes y las p\u00e1ginas visitadas.<\/td>\n<td width=\"149\">1 a\u00f1o<\/td>\n<\/tr>\n<tr>\n<td width=\"124\"><strong>ANID<\/strong><\/td>\n<td width=\"149\">1 a\u00f1o<\/td>\n<\/tr>\n<tr>\n<td width=\"124\"><strong>APISID<\/strong><\/td>\n<td width=\"149\">2 a\u00f1os<\/td>\n<\/tr>\n<tr>\n<td width=\"124\"><strong>CONSENT<\/strong><\/td>\n<td width=\"149\">20 a\u00f1os<\/td>\n<\/tr>\n<tr>\n<td width=\"124\"><strong>HSID<\/strong><\/td>\n<td width=\"149\">2 a\u00f1os<\/td>\n<\/tr>\n<tr>\n<td width=\"124\"><strong>NID<\/strong><\/td>\n<td width=\"149\">6 meses<\/td>\n<\/tr>\n<tr>\n<td width=\"124\"><strong>S<\/strong><\/td>\n<td width=\"149\">Al finalizar la sesi\u00f3n<\/td>\n<\/tr>\n<tr>\n<td width=\"124\"><strong>SAPISID<\/strong><\/td>\n<td width=\"149\">2 a\u00f1os<\/td>\n<\/tr>\n<tr>\n<td width=\"124\"><strong>SID<\/strong><\/td>\n<td width=\"149\">2 a\u00f1os<\/td>\n<\/tr>\n<tr>\n<td width=\"124\"><strong>SIDCC<\/strong><\/td>\n<td width=\"149\">3 meses<\/td>\n<\/tr>\n<tr>\n<td width=\"124\"><strong>ssid<\/strong><\/td>\n<td width=\"149\">2 a\u00f1os<\/td>\n<\/tr>\n<tr>\n<td width=\"124\"><strong>_gcl_au<\/strong><\/td>\n<td width=\"149\">3 meses<\/td>\n<\/tr>\n<tr>\n<td width=\"124\"><strong>CONSENT<\/strong><\/td>\n<td width=\"153\">gstatic.com Finalidad anal\u00edtica<\/td>\n<td width=\"149\">19 a\u00f1os<\/td>\n<\/tr>\n<tr>\n<td width=\"124\"><strong>_ga<\/strong><\/td>\n<td width=\"153\">gstatic.com Finalidad anal\u00edtica<\/td>\n<td width=\"149\">2 a\u00f1os<\/td>\n<\/tr>\n<tr>\n<td width=\"124\"><strong>_gid<\/strong><\/td>\n<td width=\"153\">gstatic.com Finalidad anal\u00edtica<\/td>\n<td width=\"149\">24 horas<\/td>\n<\/tr>\n<\/tbody>\n<\/table>\n<p>&nbsp;<\/p>\n<h3><strong>\u00bfC\u00f3mo deshabilitar las cookies?<\/strong><\/h3>\n<p>El modo en que el usuario puede deshabilitar cookies depender\u00e1 del navegador o navegadores que utilice. Todos los navegadores permiten cambiar la configuraci\u00f3n relacionada con las cookies. A continuaci\u00f3n indicamos los enlaces a cada navegador:<\/p>\n<p><strong>&#8211; Firefox:<\/strong> https:\/\/support.mozilla.org\/es\/kb\/habilitar-y-deshabilitar-cookies-sitios-web-rastrear-preferencias?redirectlocale=es&amp;redirectslug=habilitar-y-deshabilitar-cookies-que-los-sitios-we<\/p>\n<p><strong>&#8211; Internet Explorer:<\/strong> https:\/\/support.microsoft.com\/es-es\/help\/17442\/windows-internet-explorer-delete-manage-cookies<\/p>\n<p><strong>&#8211; Chrome:<\/strong> https:\/\/support.google.com\/chrome\/answer\/95647?hl=es<\/p>\n<p><strong>&#8211; Safari:<\/strong> https:\/\/support.apple.com\/es-es\/HT201265<\/p>\n<p><strong>&#8211; Android: <\/strong><\/p>\n<p>Enlace a pol\u00edticas de privacidad de Google: https:\/\/policies.google.com\/privacy?hl=es&amp;gl=es<\/p>\n<p>Enlace a ayuda relacionada con Android: https:\/\/support.google.com\/android\/?hl=es#topic=7313011<\/p>\n<p><strong>&#8211; Windows Phone:<\/strong> http:\/\/www.windowsphone.com\/es-ES\/how-to\/wp7\/web\/changing-privacy-and-other-browser-settings<\/p>\n<h3><strong>\u00bfQu\u00e9 consecuencias tiene deshabilitar las cookies?<\/strong><\/h3>\n<p>En caso de que el usuario impida la activaci\u00f3n de las cookies o desactive en caso de haberlas autorizado previamente, podr\u00e1 afectar al funcionamiento de algunas funcionalidades del sitio web. Por ejemplo, cada vez que acceda a nuestro sitio web se le mostrar\u00e1 el aviso informativo sobre cookies que deber\u00e1 aceptar.<\/p>\n<p>Del mismo modo, tampoco podremos obtener informaci\u00f3n sobre navegaci\u00f3n de los usuarios por nuestro sitio web, lo cual impedir\u00e1 o dificultar\u00e1 la mejora de la informaci\u00f3n y contenidos que publicamos, as\u00ed como su presentaci\u00f3n.<\/p>\n<h2><strong>Cambios o actualizaciones en nuestras pol\u00edticas sobre cookies<\/strong><\/h2>\n<p>Es posible que la estructura y funcionalidades del presente sitio web se modifique para a\u00f1adir nuevos apartados, servicios o contenidos, lo cual puede suponer que se modifique el uso y, por tanto, nuestra sobre cookies. Por eso recomendamos a los usuarios que cada vez que accedan a nuestro sitio web revisen las pol\u00edticas de cookies publicadas por si se hubiera producido alg\u00fan cambio desde su \u00faltima visita.<\/p>\n","protected":false},"excerpt":{"rendered":"<p>Informaci\u00f3n sobre las cookies Redacci\u00f3n actualizada a 20 de mayo de 2019 \u00bfQu\u00e9 son las cookies? Las cookies son ficheros de texto de peque\u00f1o tama\u00f1o que se almacenan en el disco duro o en la memoria del ordenador que accede o visita las p\u00e1ginas de determinados sitios web, de forma que se puedan conocer las [&hellip;]<\/p>\n","protected":false},"author":1,"featured_media":0,"parent":0,"menu_order":0,"comment_status":"closed","ping_status":"closed","template":"","meta":{"_et_pb_use_builder":"","_et_pb_old_content":"","_et_gb_content_width":"","footnotes":""},"class_list":["post-30857","page","type-page","status-publish","hentry"],"yoast_head":"<!-- This site is optimized with the Yoast SEO plugin v16.3 - https:\/\/yoast.com\/wordpress\/plugins\/seo\/ -->\n<title>Pol\u00edtica de Cookies - Gometegui Industrial S.L.<\/title>\n<meta name=\"robots\" content=\"index, follow, max-snippet:-1, max-image-preview:large, max-video-preview:-1\" \/>\n<link rel=\"canonical\" href=\"https:\/\/gome.adiweb.es\/?page_id=30857&#038;lang=es\" \/>\n<meta property=\"og:locale\" content=\"es_ES\" \/>\n<meta property=\"og:type\" content=\"article\" \/>\n<meta property=\"og:title\" content=\"Pol\u00edtica de Cookies - Gometegui Industrial S.L.\" \/>\n<meta property=\"og:description\" content=\"Informaci\u00f3n sobre las cookies Redacci\u00f3n actualizada a 20 de mayo de 2019 \u00bfQu\u00e9 son las cookies? Las cookies son ficheros de texto de peque\u00f1o tama\u00f1o que se almacenan en el disco duro o en la memoria del ordenador que accede o visita las p\u00e1ginas de determinados sitios web, de forma que se puedan conocer las [&hellip;]\" \/>\n<meta property=\"og:url\" content=\"https:\/\/gome.adiweb.es\/?page_id=30857&amp;lang=es\" \/>\n<meta property=\"og:site_name\" content=\"Gometegui Industrial S.L.\" \/>\n<meta property=\"article:modified_time\" content=\"2019-05-20T11:28:44+00:00\" \/>\n<meta name=\"twitter:card\" content=\"summary_large_image\" \/>\n<meta name=\"twitter:label1\" content=\"Tiempo de lectura\">\n\t<meta name=\"twitter:data1\" content=\"5 minutos\">\n<script type=\"application\/ld+json\" class=\"yoast-schema-graph\">{\"@context\":\"https:\/\/schema.org\",\"@graph\":[{\"@type\":\"WebSite\",\"@id\":\"https:\/\/gome.adiweb.es\/#website\",\"url\":\"https:\/\/gome.adiweb.es\/\",\"name\":\"Gometegui Industrial S.L.\",\"description\":\"Calderer\\u00eda industrial pesada\",\"potentialAction\":[{\"@type\":\"SearchAction\",\"target\":\"https:\/\/gome.adiweb.es\/?s={search_term_string}\",\"query-input\":\"required name=search_term_string\"}],\"inLanguage\":\"es\"},{\"@type\":\"WebPage\",\"@id\":\"https:\/\/gome.adiweb.es\/?page_id=30857&lang=es#webpage\",\"url\":\"https:\/\/gome.adiweb.es\/?page_id=30857&lang=es\",\"name\":\"Pol\\u00edtica de Cookies - Gometegui Industrial S.L.\",\"isPartOf\":{\"@id\":\"https:\/\/gome.adiweb.es\/#website\"},\"datePublished\":\"2019-05-15T18:11:22+00:00\",\"dateModified\":\"2019-05-20T11:28:44+00:00\",\"breadcrumb\":{\"@id\":\"https:\/\/gome.adiweb.es\/?page_id=30857&lang=es#breadcrumb\"},\"inLanguage\":\"es\",\"potentialAction\":[{\"@type\":\"ReadAction\",\"target\":[\"https:\/\/gome.adiweb.es\/?page_id=30857&lang=es\"]}]},{\"@type\":\"BreadcrumbList\",\"@id\":\"https:\/\/gome.adiweb.es\/?page_id=30857&lang=es#breadcrumb\",\"itemListElement\":[{\"@type\":\"ListItem\",\"position\":1,\"item\":{\"@type\":\"WebPage\",\"@id\":\"https:\/\/gome.adiweb.es\/?page_id=17&lang=es\",\"url\":\"https:\/\/gome.adiweb.es\/?page_id=17&lang=es\",\"name\":\"Portada\"}},{\"@type\":\"ListItem\",\"position\":2,\"item\":{\"@id\":\"https:\/\/gome.adiweb.es\/?page_id=30857&lang=es#webpage\"}}]}]}<\/script>\n<!-- \/ Yoast SEO plugin. -->","_links":{"self":[{"href":"https:\/\/gome.adiweb.es\/index.php?rest_route=\/wp\/v2\/pages\/30857","targetHints":{"allow":["GET"]}}],"collection":[{"href":"https:\/\/gome.adiweb.es\/index.php?rest_route=\/wp\/v2\/pages"}],"about":[{"href":"https:\/\/gome.adiweb.es\/index.php?rest_route=\/wp\/v2\/types\/page"}],"author":[{"embeddable":true,"href":"https:\/\/gome.adiweb.es\/index.php?rest_route=\/wp\/v2\/users\/1"}],"replies":[{"embeddable":true,"href":"https:\/\/gome.adiweb.es\/index.php?rest_route=%2Fwp%2Fv2%2Fcomments&post=30857"}],"version-history":[{"count":2,"href":"https:\/\/gome.adiweb.es\/index.php?rest_route=\/wp\/v2\/pages\/30857\/revisions"}],"predecessor-version":[{"id":31017,"href":"https:\/\/gome.adiweb.es\/index.php?rest_route=\/wp\/v2\/pages\/30857\/revisions\/31017"}],"wp:attachment":[{"href":"https:\/\/gome.adiweb.es\/index.php?rest_route=%2Fwp%2Fv2%2Fmedia&parent=30857"}],"curies":[{"name":"wp","href":"https:\/\/api.w.org\/{rel}","templated":true}]}}