{"id":4037,"date":"2019-02-26T12:41:55","date_gmt":"2019-02-26T11:41:55","guid":{"rendered":"https:\/\/gome.adiweb.es\/?page_id=4037"},"modified":"2020-04-02T12:07:14","modified_gmt":"2020-04-02T10:07:14","slug":"calidad","status":"publish","type":"page","link":"https:\/\/gome.adiweb.es\/?page_id=4037&lang=es","title":{"rendered":"Calidad"},"content":{"rendered":"<p>[et_pb_section fb_built=&#8221;1&#8243; _builder_version=&#8221;4.3.4&#8243; background_color=&#8221;rgba(6,32,160,0.64)&#8221; use_background_color_gradient=&#8221;on&#8221; background_color_gradient_start=&#8221;rgba(0,0,0,0.3)&#8221; background_color_gradient_end=&#8221;rgba(0,0,0,0.3)&#8221; background_color_gradient_overlays_image=&#8221;on&#8221; background_image=&#8221;https:\/\/gome.adiweb.es\/wp-content\/uploads\/2019\/02\/iStock-499153116.jpg&#8221;][et_pb_row _builder_version=&#8221;3.25&#8243; custom_padding=&#8221;30px|0px|30px|0px|false|false&#8221;][et_pb_column type=&#8221;4_4&#8243; _builder_version=&#8221;3.25&#8243; custom_padding=&#8221;|||&#8221; custom_padding__hover=&#8221;|||&#8221;][et_pb_text admin_label=&#8221;Texto El socio perfecto&#8230;&#8221; _builder_version=&#8221;3.27.4&#8243; header_font=&#8221;||||||||&#8221; header_2_font=&#8221;Roboto Condensed|900|||||||&#8221; header_2_font_size=&#8221;90px&#8221; header_2_letter_spacing=&#8221;-4px&#8221; header_2_line_height=&#8221;0.9em&#8221; custom_margin=&#8221;-12px||0px&#8221; header_2_font_size_tablet=&#8221;&#8221; header_2_font_size_phone=&#8221;60px&#8221; header_2_font_size_last_edited=&#8221;on|phone&#8221; header_2_text_shadow_style=&#8221;preset3&#8243; header_2_text_shadow_blur_strength=&#8221;0.05em&#8221;]<\/p>\n<h2><span style=\"color: #ffffff;\">POL\u00cdTICA<\/span><\/h2>\n<h2><span style=\"color: #ffffff;\">DE CALIDAD<\/span><\/h2>\n<p><span style=\"color: #ffffff;\"><\/span><\/p>\n<p>[\/et_pb_text][\/et_pb_column][\/et_pb_row][et_pb_row column_structure=&#8221;1_5,1_5,1_5,1_5,1_5&#8243; _builder_version=&#8221;3.25&#8243;][et_pb_column type=&#8221;1_5&#8243; _builder_version=&#8221;3.25&#8243; custom_padding=&#8221;|||&#8221; custom_padding__hover=&#8221;|||&#8221;][\/et_pb_column][et_pb_column type=&#8221;1_5&#8243; _builder_version=&#8221;3.25&#8243; custom_padding=&#8221;|||&#8221; custom_padding__hover=&#8221;|||&#8221;][\/et_pb_column][et_pb_column type=&#8221;1_5&#8243; _builder_version=&#8221;3.25&#8243; custom_padding=&#8221;|||&#8221; custom_padding__hover=&#8221;|||&#8221;][\/et_pb_column][et_pb_column type=&#8221;1_5&#8243; _builder_version=&#8221;3.25&#8243; custom_padding=&#8221;|||&#8221; custom_padding__hover=&#8221;|||&#8221;][\/et_pb_column][et_pb_column type=&#8221;1_5&#8243; _builder_version=&#8221;3.25&#8243; custom_padding=&#8221;|||&#8221; custom_padding__hover=&#8221;|||&#8221;][\/et_pb_column][\/et_pb_row][\/et_pb_section][et_pb_section fb_built=&#8221;1&#8243; module_id=&#8221;dos&#8221; _builder_version=&#8221;3.22.3&#8243;][et_pb_row column_structure=&#8221;1_2,1_2&#8243; _builder_version=&#8221;3.25&#8243;][et_pb_column type=&#8221;1_2&#8243; _builder_version=&#8221;3.25&#8243; custom_padding=&#8221;|||&#8221; custom_padding__hover=&#8221;|||&#8221;][et_pb_text _builder_version=&#8221;3.27.4&#8243; text_font=&#8221;Roboto|300|||||||&#8221; text_font_size=&#8221;20px&#8221; custom_margin=&#8221;||5px&#8221;]<\/p>\n<p><span>GOMETEGUI comprende la Calidad como <\/span><strong>\u00a0<\/strong><\/p>\n<p>[\/et_pb_text][et_pb_text _builder_version=&#8221;4.4.2&#8243; text_font=&#8221;Roboto|300|||||||&#8221; header_font=&#8221;Roboto Condensed||||||||&#8221; header_text_color=&#8221;#a3a3a3&#8243; header_font_size=&#8221;69px&#8221; header_2_font=&#8221;||||||||&#8221; header_2_text_color=&#8221;#a3a3a3&#8243; header_2_font_size=&#8221;68px&#8221; custom_margin=&#8221;||5px&#8221; hover_enabled=&#8221;0&#8243; header_2_font_size_tablet=&#8221;&#8221; header_2_font_size_phone=&#8221;33px&#8221; header_2_font_size_last_edited=&#8221;on|phone&#8221;]<\/p>\n<h2>UN CONJUNTO INTEGRADO DE SISTEMAS TRANSVERSALES<\/h2>\n<p>[\/et_pb_text][et_pb_text _builder_version=&#8221;3.27.4&#8243; text_font=&#8221;Roboto|300|||||||&#8221; text_font_size=&#8221;20px&#8221; text_line_height=&#8221;1.4em&#8221;]<\/p>\n<p><span>referidos a la Calidad, Seguridad y Salud en el trabajo y al cuidado del Medioambiente.<\/span><span>\u00a0<\/span><span>Sistema de Gesti\u00f3n conforme y certificado seg\u00fan las\u00a0<b>Norma ISO 9001:2015, ISO 14001:2015 e ISO 45001:2018.<\/b><\/span><\/p>\n<p><span style=\"font-size: 20px;\"><span>Cada uno de estos sistemas opera en todos los niveles y departamentos de la empresa y se interrelaciona con los otros dos para funcionar como un todo integrado. Como resultado, nuestros procesos de fabricaci\u00f3n y nuestra gesti\u00f3n de proyectos son seguros y respetuosos con el entorno.<\/span>\u00a0<\/span><\/p>\n<p>[\/et_pb_text][\/et_pb_column][et_pb_column type=&#8221;1_2&#8243; _builder_version=&#8221;3.25&#8243; custom_padding=&#8221;|||&#8221; custom_padding__hover=&#8221;|||&#8221;][et_pb_gallery gallery_ids=&#8221;31066,31067,31086&#8243; fullwidth=&#8221;on&#8221; db_image_max_width_tablet=&#8221;51&#8243; db_image_max_height=&#8221;1&#8243; db_image_row_spacing_tablet=&#8221;51&#8243; db_image_center_titles=&#8221;left&#8221; db_image_object_fit=&#8221;none&#8221; _builder_version=&#8221;3.22.7&#8243; max_width=&#8221;70%&#8221; animation_style=&#8221;fade&#8221; auto=&#8221;on&#8221; auto_speed=&#8221;5000&#8243; box_shadow_style=&#8221;preset1&#8243;]<br \/>\n[\/et_pb_gallery][\/et_pb_column][\/et_pb_row][\/et_pb_section][et_pb_section fb_built=&#8221;1&#8243; _builder_version=&#8221;3.22.3&#8243; background_color=&#8221;rgba(0,0,0,0.1)&#8221;][et_pb_row column_structure=&#8221;1_2,1_2&#8243; _builder_version=&#8221;3.25&#8243; background_size=&#8221;initial&#8221; background_position=&#8221;top_left&#8221; background_repeat=&#8221;repeat&#8221;][et_pb_column type=&#8221;1_2&#8243; _builder_version=&#8221;3.25&#8243; custom_padding=&#8221;|||&#8221; custom_padding__hover=&#8221;|||&#8221;][et_pb_image src=&#8221;https:\/\/gome.adiweb.es\/wp-content\/uploads\/2019\/02\/Calidad1.jpg&#8221; show_in_lightbox=&#8221;on&#8221; align_tablet=&#8221;center&#8221; align_phone=&#8221;&#8221; align_last_edited=&#8221;on|desktop&#8221; _builder_version=&#8221;3.23&#8243;]<br \/>\n[\/et_pb_image][\/et_pb_column][et_pb_column type=&#8221;1_2&#8243; _builder_version=&#8221;3.25&#8243; custom_padding=&#8221;|||&#8221; custom_padding__hover=&#8221;|||&#8221;][et_pb_text _builder_version=&#8221;3.27.4&#8243; text_font=&#8221;Roboto|300|||||||&#8221; header_font=&#8221;Roboto Condensed||||||||&#8221; header_text_color=&#8221;#a3a3a3&#8243; header_font_size=&#8221;80px&#8221; header_2_font=&#8221;||||||||&#8221; header_2_text_color=&#8221;#a3a3a3&#8243; header_2_font_size=&#8221;80px&#8221; custom_margin=&#8221;||5px&#8221; header_2_font_size_tablet=&#8221;&#8221; header_2_font_size_phone=&#8221;56px&#8221; header_2_font_size_last_edited=&#8221;on|phone&#8221;]<\/p>\n<h2>GARANT\u00cdA<\/h2>\n<p>[\/et_pb_text][et_pb_text _builder_version=&#8221;3.27.4&#8243; text_font=&#8221;Roboto|300|||||||&#8221; text_font_size=&#8221;20px&#8221; text_line_height=&#8221;1.4em&#8221;]<\/p>\n<p><span style=\"font-size: 20px;\"><span>Los inspectores de fabricaci\u00f3n y los ingenieros de calidad apoyan nuestro Sistema de Garant\u00eda de Calidad y\u00a0<\/span><strong>aseguran el cumplimiento de las disposiciones contractuales del cliente<\/strong><span>\u00a0mediante la puesta en pr\u00e1ctica de planes de calidad aprobados y el respeto de las normas europeas y americanas. Los procedimientos de soldadura llevan\u00a0<\/span><strong>registros de calificaci\u00f3n del procedimiento<\/strong><span>\u00a0y el metal\u00fargico de la empresa garantiza que las aprobaciones de los soldadores se realizan de conformidad con \u00a0EN ISO 9606-1, EN ISO 9606-2 y ASME IX.<\/span> <\/span><\/p>\n<p>[\/et_pb_text][\/et_pb_column][\/et_pb_row][\/et_pb_section][et_pb_section fb_built=&#8221;1&#8243; _builder_version=&#8221;3.22.3&#8243; locked=&#8221;off&#8221;][et_pb_row column_structure=&#8221;1_2,1_2&#8243; _builder_version=&#8221;3.25&#8243;][et_pb_column type=&#8221;1_2&#8243; _builder_version=&#8221;3.25&#8243; custom_padding=&#8221;|||&#8221; custom_padding__hover=&#8221;|||&#8221;][et_pb_text _builder_version=&#8221;3.27.4&#8243; text_font=&#8221;Roboto|300|||||||&#8221; header_font=&#8221;Roboto Condensed||||||||&#8221; header_text_color=&#8221;#a3a3a3&#8243; header_font_size=&#8221;80px&#8221; header_2_font=&#8221;||||||||&#8221; header_2_text_color=&#8221;#a3a3a3&#8243; header_2_font_size=&#8221;80px&#8221; custom_margin=&#8221;||5px&#8221; header_2_font_size_tablet=&#8221;&#8221; header_2_font_size_phone=&#8221;48px&#8221; header_2_font_size_last_edited=&#8221;on|phone&#8221; header_2_line_height_tablet=&#8221;&#8221; header_2_line_height_phone=&#8221;&#8221; header_2_line_height_last_edited=&#8221;on|phone&#8221;]<\/p>\n<h2>INSPECCI\u00d3N<\/h2>\n<p>[\/et_pb_text][et_pb_text _builder_version=&#8221;3.27.4&#8243; text_font=&#8221;Roboto|300|||||||&#8221; text_font_size=&#8221;20px&#8221; text_line_height=&#8221;1.4em&#8221;]<\/p>\n<p><span style=\"font-size: 20px;\">Con los conocimientos y la experiencia de nuestros trabajadores alta mente capacitados, dedicados a la producci\u00f3n de \u00a0un servicio de calidad para nuestros clientes, estamos\u00a0<\/span><strong style=\"font-size: 20px;\">totalmente comprometidos a ofrecer excelencia en la calidad de nuestros productos y en la atenci\u00f3n al cliente.<\/strong><\/p>\n<p>Gometegui dispone de Leica Absolute Tracker AT401, un equipo port\u00e1til de medici\u00f3n que permite una precisi\u00f3n extrema en distancias ultra largas.<\/p>\n<p>[\/et_pb_text][\/et_pb_column][et_pb_column type=&#8221;1_2&#8243; _builder_version=&#8221;3.25&#8243; custom_padding=&#8221;|||&#8221; custom_padding__hover=&#8221;|||&#8221;][et_pb_image src=&#8221;https:\/\/gome.adiweb.es\/wp-content\/uploads\/2019\/02\/LaserTracker.jpg&#8221; align_tablet=&#8221;center&#8221; align_phone=&#8221;&#8221; align_last_edited=&#8221;on|desktop&#8221; _builder_version=&#8221;3.23&#8243;]<br \/>\n[\/et_pb_image][\/et_pb_column][\/et_pb_row][\/et_pb_section][et_pb_section fb_built=&#8221;1&#8243; disabled_on=&#8221;off|off|off&#8221; admin_label=&#8221;Pie&#8221; module_id=&#8221;pie&#8221; _builder_version=&#8221;4.4.0&#8243; background_image=&#8221;https:\/\/gome.adiweb.es\/wp-content\/uploads\/2019\/01\/TornoAzul.jpg&#8221; parallax=&#8221;on&#8221; custom_margin=&#8221;||||false|false&#8221; custom_padding=&#8221;0px|0|0px||false|false&#8221; custom_padding_tablet=&#8221;0px||0px|&#8221; transparent_background=&#8221;off&#8221; global_module=&#8221;223835&#8243;][et_pb_row column_structure=&#8221;1_5,1_5,3_5&#8243; _builder_version=&#8221;3.25&#8243;][et_pb_column type=&#8221;1_5&#8243; _builder_version=&#8221;3.25&#8243; custom_padding=&#8221;|||&#8221; custom_padding__hover=&#8221;|||&#8221;][et_pb_text admin_label=&#8221;Text&#8221; _builder_version=&#8221;3.27.4&#8243; text_font=&#8221;Raleway|on|||&#8221; text_text_color=&#8221;#ffffff&#8221; text_font_size=&#8221;28&#8243; text_line_height=&#8221;1.4em&#8221; background_size=&#8221;initial&#8221; background_position=&#8221;top_left&#8221; background_repeat=&#8221;repeat&#8221; custom_margin=&#8221;||8px|&#8221; custom_css_main_element=&#8221;font-weight: 900;&#8221; use_border_color=&#8221;off&#8221; border_color=&#8221;#ffffff&#8221; border_style=&#8221;solid&#8221;]<\/p>\n<p><img loading=\"lazy\" decoding=\"async\" class=\"wp-image-38 alignnone size-medium\" src=\"https:\/\/gome.adiweb.es\/wp-content\/uploads\/2019\/01\/LogoBlanco-300x79.png\" alt=\"\" width=\"300\" height=\"79\" \/><\/p>\n<p>[\/et_pb_text][et_pb_text admin_label=&#8221;Text&#8221; _builder_version=&#8221;3.27.4&#8243; text_font=&#8221;Source Sans Pro||||&#8221; text_text_color=&#8221;#ffffff&#8221; text_font_size=&#8221;16&#8243; text_line_height=&#8221;1.5em&#8221; background_size=&#8221;initial&#8221; background_position=&#8221;top_left&#8221; background_repeat=&#8221;repeat&#8221; max_width=&#8221;300px&#8221; custom_margin=&#8221;||30px|&#8221; custom_margin_tablet=&#8221;||10px|&#8221; custom_margin_phone=&#8221;&#8221; custom_margin_last_edited=&#8221;on|tablet&#8221; custom_padding=&#8221;0px|||&#8221; use_border_color=&#8221;off&#8221; border_color=&#8221;#ffffff&#8221; border_style=&#8221;solid&#8221;]<\/p>\n<p>Katuxa Ibarra 7<br \/>01400 &#8211; LAUDIO LLODIO (ARABA) SPAIN<br \/>+34 946 728 505<br \/>info@ngometegui.local<\/p>\n<p>[\/et_pb_text][\/et_pb_column][et_pb_column type=&#8221;1_5&#8243; _builder_version=&#8221;3.25&#8243; custom_padding=&#8221;|||&#8221; custom_padding__hover=&#8221;|||&#8221;][et_pb_text admin_label=&#8221;Text&#8221; _builder_version=&#8221;4.3.4&#8243; text_font=&#8221;Roboto|300|||||||&#8221; text_text_color=&#8221;#ffffff&#8221; text_font_size=&#8221;16px&#8221; text_line_height=&#8221;2.2em&#8221; header_font=&#8221;||||||||&#8221; header_3_font=&#8221;||||||||&#8221; header_3_text_color=&#8221;#ffffff&#8221; background_size=&#8221;initial&#8221; background_position=&#8221;top_left&#8221; background_repeat=&#8221;repeat&#8221; custom_padding=&#8221;0px|||&#8221; use_border_color=&#8221;off&#8221; border_color=&#8221;#ffffff&#8221; border_style=&#8221;solid&#8221;]<\/p>\n<h3><span style=\"color: #ffffff;\"><\/span>HEAVY INDUSTRY MANUFACTURING<\/h3>\n<p>Especialistas en la fabricaci\u00f3n integral de grandes componentes para la industria pesada.\u00a0<\/p>\n<p>[\/et_pb_text][\/et_pb_column][et_pb_column type=&#8221;3_5&#8243; _builder_version=&#8221;3.25&#8243; custom_padding=&#8221;|||&#8221; custom_padding__hover=&#8221;|||&#8221;][et_pb_text admin_label=&#8221;Text&#8221; _builder_version=&#8221;4.3.2&#8243; text_font=&#8221;Roboto|700|||||||&#8221; text_text_color=&#8221;#ffffff&#8221; text_font_size=&#8221;18&#8243; text_line_height=&#8221;1.4em&#8221; background_size=&#8221;initial&#8221; background_position=&#8221;top_left&#8221; background_repeat=&#8221;repeat&#8221; custom_margin=&#8221;||8px|&#8221; use_border_color=&#8221;off&#8221; border_color=&#8221;#ffffff&#8221; border_style=&#8221;solid&#8221;]<\/p>\n<p>ENV\u00cdANOS UNA CONSULTA<\/p>\n<p>[\/et_pb_text][et_pb_contact_form email=&#8221;pablo@gome.adiweb.es,info@ngometegui.local&#8221; custom_message=&#8221;Una consulta desde el formulario al pie de la web gometegui.com en espa\u00f1ol:||et_pb_line_break_holder||Nombre: %%Name%%||et_pb_line_break_holder||Email:_ %%Email%%||et_pb_line_break_holder||Consulta o mensaje: %%Message%%||et_pb_line_break_holder||SI,  %%Privacidad%% Pol\u00edtica de Privacidad.&#8221; success_message=&#8221;Muchas gracias por enviar su consulta. En breve nos pondremos en contacto  para responderla.&#8221; submit_button_text=&#8221;ENVIAR&#8221; module_id=&#8221;et_pb_contact_form_0&#8243; _builder_version=&#8221;4.4.1&#8243; form_field_background_color=&#8221;rgba(0,0,0,0)&#8221; form_field_text_color=&#8221;#ffffff&#8221; form_field_focus_text_color=&#8221;#ffffff&#8221; captcha_text_color=&#8221;#ffffff&#8221; form_field_font=&#8221;Roboto||||||||&#8221; custom_button=&#8221;on&#8221; button_text_size=&#8221;14px&#8221; button_text_color=&#8221;#ffffff&#8221; button_border_width=&#8221;1px&#8221; button_border_color=&#8221;rgba(255,255,255,0.55)&#8221; button_font=&#8221;||||||||&#8221; border_radii=&#8221;on|3px|3px|3px|3px&#8221; border_width_all=&#8221;1px&#8221; border_color_all=&#8221;rgba(255,255,255,0.54)&#8221; form_background_color=&#8221;rgba(0,0,0,0)&#8221;][et_pb_contact_field field_id=&#8221;Name&#8221; field_title=&#8221;NOMBRE&#8221; _builder_version=&#8221;3.22.2&#8243; button_text_size__hover_enabled=&#8221;off&#8221; button_one_text_size__hover_enabled=&#8221;off&#8221; button_two_text_size__hover_enabled=&#8221;off&#8221; button_text_color__hover_enabled=&#8221;off&#8221; button_one_text_color__hover_enabled=&#8221;off&#8221; button_two_text_color__hover_enabled=&#8221;off&#8221; button_border_width__hover_enabled=&#8221;off&#8221; button_one_border_width__hover_enabled=&#8221;off&#8221; button_two_border_width__hover_enabled=&#8221;off&#8221; button_border_color__hover_enabled=&#8221;off&#8221; button_one_border_color__hover_enabled=&#8221;off&#8221; button_two_border_color__hover_enabled=&#8221;off&#8221; button_border_radius__hover_enabled=&#8221;off&#8221; button_one_border_radius__hover_enabled=&#8221;off&#8221; button_two_border_radius__hover_enabled=&#8221;off&#8221; button_letter_spacing__hover_enabled=&#8221;off&#8221; button_one_letter_spacing__hover_enabled=&#8221;off&#8221; button_two_letter_spacing__hover_enabled=&#8221;off&#8221; button_bg_color__hover_enabled=&#8221;off&#8221; button_one_bg_color__hover_enabled=&#8221;off&#8221; button_two_bg_color__hover_enabled=&#8221;off&#8221;][\/et_pb_contact_field][et_pb_contact_field field_id=&#8221;Email&#8221; field_title=&#8221;E-MAIL&#8221; field_type=&#8221;email&#8221; _builder_version=&#8221;3.22.7&#8243; button_text_size__hover_enabled=&#8221;off&#8221; button_one_text_size__hover_enabled=&#8221;off&#8221; button_two_text_size__hover_enabled=&#8221;off&#8221; button_text_color__hover_enabled=&#8221;off&#8221; button_one_text_color__hover_enabled=&#8221;off&#8221; button_two_text_color__hover_enabled=&#8221;off&#8221; button_border_width__hover_enabled=&#8221;off&#8221; button_one_border_width__hover_enabled=&#8221;off&#8221; button_two_border_width__hover_enabled=&#8221;off&#8221; button_border_color__hover_enabled=&#8221;off&#8221; button_one_border_color__hover_enabled=&#8221;off&#8221; button_two_border_color__hover_enabled=&#8221;off&#8221; button_border_radius__hover_enabled=&#8221;off&#8221; button_one_border_radius__hover_enabled=&#8221;off&#8221; button_two_border_radius__hover_enabled=&#8221;off&#8221; button_letter_spacing__hover_enabled=&#8221;off&#8221; button_one_letter_spacing__hover_enabled=&#8221;off&#8221; button_two_letter_spacing__hover_enabled=&#8221;off&#8221; button_bg_color__hover_enabled=&#8221;off&#8221; button_one_bg_color__hover_enabled=&#8221;off&#8221; button_two_bg_color__hover_enabled=&#8221;off&#8221;][\/et_pb_contact_field][et_pb_contact_field field_id=&#8221;Message&#8221; field_title=&#8221;CONSULTA O MENSAJE&#8221; field_type=&#8221;text&#8221; fullwidth_field=&#8221;on&#8221; _builder_version=&#8221;3.22.2&#8243; button_text_size__hover_enabled=&#8221;off&#8221; button_one_text_size__hover_enabled=&#8221;off&#8221; button_two_text_size__hover_enabled=&#8221;off&#8221; button_text_color__hover_enabled=&#8221;off&#8221; button_one_text_color__hover_enabled=&#8221;off&#8221; button_two_text_color__hover_enabled=&#8221;off&#8221; button_border_width__hover_enabled=&#8221;off&#8221; button_one_border_width__hover_enabled=&#8221;off&#8221; button_two_border_width__hover_enabled=&#8221;off&#8221; button_border_color__hover_enabled=&#8221;off&#8221; button_one_border_color__hover_enabled=&#8221;off&#8221; button_two_border_color__hover_enabled=&#8221;off&#8221; button_border_radius__hover_enabled=&#8221;off&#8221; button_one_border_radius__hover_enabled=&#8221;off&#8221; button_two_border_radius__hover_enabled=&#8221;off&#8221; button_letter_spacing__hover_enabled=&#8221;off&#8221; button_one_letter_spacing__hover_enabled=&#8221;off&#8221; button_two_letter_spacing__hover_enabled=&#8221;off&#8221; button_bg_color__hover_enabled=&#8221;off&#8221; button_one_bg_color__hover_enabled=&#8221;off&#8221; button_two_bg_color__hover_enabled=&#8221;off&#8221;][\/et_pb_contact_field][et_pb_contact_field field_id=&#8221;Privacidad&#8221; field_title=&#8221; &#8221; field_type=&#8221;checkbox&#8221; checkbox_options=&#8221;%91{%22value%22:%22 He le\u00eddo y acepto la %22,%22checked%22:0,%22dragID%22:-1,%22link_url%22:%22https:\/\/gome.adiweb.es\/es\/clausula-informativa\/%22,%22link_text%22:%22cl\u00e1usula informativa%22}%93&#8243; fullwidth_field=&#8221;on&#8221; _builder_version=&#8221;4.4.1&#8243; custom_margin=&#8221;-17px||&#8221; custom_margin_tablet=&#8221;&#8221; custom_margin_phone=&#8221;0px||||false|false&#8221; custom_margin_last_edited=&#8221;on|phone&#8221;][\/et_pb_contact_field][\/et_pb_contact_form][\/et_pb_column][\/et_pb_row][\/et_pb_section]<\/p>\n","protected":false},"excerpt":{"rendered":"<p>[et_pb_section fb_built=&#8221;1&#8243; _builder_version=&#8221;4.3.4&#8243; background_color=&#8221;rgba(6,32,160,0.64)&#8221; use_background_color_gradient=&#8221;on&#8221; background_color_gradient_start=&#8221;rgba(0,0,0,0.3)&#8221; background_color_gradient_end=&#8221;rgba(0,0,0,0.3)&#8221; background_color_gradient_overlays_image=&#8221;on&#8221; background_image=&#8221;https:\/\/gome.adiweb.es\/wp-content\/uploads\/2019\/02\/iStock-499153116.jpg&#8221;][et_pb_row _builder_version=&#8221;3.25&#8243; custom_padding=&#8221;30px|0px|30px|0px|false|false&#8221;][et_pb_column type=&#8221;4_4&#8243; _builder_version=&#8221;3.25&#8243; custom_padding=&#8221;|||&#8221; custom_padding__hover=&#8221;|||&#8221;][et_pb_text admin_label=&#8221;Texto El socio perfecto&#8230;&#8221; _builder_version=&#8221;3.27.4&#8243; header_font=&#8221;||||||||&#8221; header_2_font=&#8221;Roboto Condensed|900|||||||&#8221; header_2_font_size=&#8221;90px&#8221; header_2_letter_spacing=&#8221;-4px&#8221; header_2_line_height=&#8221;0.9em&#8221; custom_margin=&#8221;-12px||0px&#8221; header_2_font_size_tablet=&#8221;&#8221; header_2_font_size_phone=&#8221;60px&#8221; header_2_font_size_last_edited=&#8221;on|phone&#8221; header_2_text_shadow_style=&#8221;preset3&#8243; header_2_text_shadow_blur_strength=&#8221;0.05em&#8221;] POL\u00cdTICA DE CALIDAD [\/et_pb_text][\/et_pb_column][\/et_pb_row][et_pb_row column_structure=&#8221;1_5,1_5,1_5,1_5,1_5&#8243; _builder_version=&#8221;3.25&#8243;][et_pb_column type=&#8221;1_5&#8243; _builder_version=&#8221;3.25&#8243; custom_padding=&#8221;|||&#8221; custom_padding__hover=&#8221;|||&#8221;][\/et_pb_column][et_pb_column type=&#8221;1_5&#8243; _builder_version=&#8221;3.25&#8243; custom_padding=&#8221;|||&#8221; custom_padding__hover=&#8221;|||&#8221;][\/et_pb_column][et_pb_column type=&#8221;1_5&#8243; _builder_version=&#8221;3.25&#8243; custom_padding=&#8221;|||&#8221; custom_padding__hover=&#8221;|||&#8221;][\/et_pb_column][et_pb_column type=&#8221;1_5&#8243; _builder_version=&#8221;3.25&#8243; custom_padding=&#8221;|||&#8221; custom_padding__hover=&#8221;|||&#8221;][\/et_pb_column][et_pb_column type=&#8221;1_5&#8243; [&hellip;]<\/p>\n","protected":false},"author":1,"featured_media":0,"parent":0,"menu_order":0,"comment_status":"closed","ping_status":"closed","template":"","meta":{"_et_pb_use_builder":"on","_et_pb_old_content":"","_et_gb_content_width":"","footnotes":""},"class_list":["post-4037","page","type-page","status-publish","hentry"],"yoast_head":"<!-- This site is optimized with the Yoast SEO plugin v16.3 - https:\/\/yoast.com\/wordpress\/plugins\/seo\/ -->\n<title>Pol\u00edtica de Calidad | Gometegui Industrial<\/title>\n<meta name=\"description\" content=\"Conoce la Pol\u00edtica de Caldiad de Gometegui Industrial.\" \/>\n<meta name=\"robots\" content=\"index, follow, max-snippet:-1, max-image-preview:large, max-video-preview:-1\" \/>\n<link rel=\"canonical\" href=\"https:\/\/gome.adiweb.es\/?page_id=4037&#038;lang=es\" \/>\n<meta property=\"og:locale\" content=\"es_ES\" \/>\n<meta property=\"og:type\" content=\"article\" \/>\n<meta property=\"og:title\" content=\"Pol\u00edtica de Calidad | Gometegui Industrial\" \/>\n<meta property=\"og:description\" content=\"Conoce la Pol\u00edtica de Caldiad de Gometegui Industrial.\" \/>\n<meta property=\"og:url\" content=\"https:\/\/gome.adiweb.es\/?page_id=4037&amp;lang=es\" \/>\n<meta property=\"og:site_name\" content=\"Gometegui Industrial S.L.\" \/>\n<meta property=\"article:modified_time\" content=\"2020-04-02T10:07:14+00:00\" \/>\n<meta property=\"og:image\" content=\"https:\/\/gome.adiweb.es\/wp-content\/uploads\/2019\/01\/LogoBlanco-300x79.png\" \/>\n<meta name=\"twitter:card\" content=\"summary_large_image\" \/>\n<meta name=\"twitter:label1\" content=\"Tiempo de lectura\">\n\t<meta name=\"twitter:data1\" content=\"10 minutos\">\n<script type=\"application\/ld+json\" class=\"yoast-schema-graph\">{\"@context\":\"https:\/\/schema.org\",\"@graph\":[{\"@type\":\"WebSite\",\"@id\":\"https:\/\/gome.adiweb.es\/#website\",\"url\":\"https:\/\/gome.adiweb.es\/\",\"name\":\"Gometegui Industrial S.L.\",\"description\":\"Calderer\\u00eda industrial pesada\",\"potentialAction\":[{\"@type\":\"SearchAction\",\"target\":\"https:\/\/gome.adiweb.es\/?s={search_term_string}\",\"query-input\":\"required name=search_term_string\"}],\"inLanguage\":\"es\"},{\"@type\":\"ImageObject\",\"@id\":\"https:\/\/gome.adiweb.es\/?page_id=4037&lang=es#primaryimage\",\"inLanguage\":\"es\",\"url\":\"https:\/\/gome.adiweb.es\/wp-content\/uploads\/2019\/01\/LogoBlanco-300x79.png\",\"contentUrl\":\"https:\/\/gome.adiweb.es\/wp-content\/uploads\/2019\/01\/LogoBlanco-300x79.png\"},{\"@type\":\"WebPage\",\"@id\":\"https:\/\/gome.adiweb.es\/?page_id=4037&lang=es#webpage\",\"url\":\"https:\/\/gome.adiweb.es\/?page_id=4037&lang=es\",\"name\":\"Pol\\u00edtica de Calidad | Gometegui Industrial\",\"isPartOf\":{\"@id\":\"https:\/\/gome.adiweb.es\/#website\"},\"primaryImageOfPage\":{\"@id\":\"https:\/\/gome.adiweb.es\/?page_id=4037&lang=es#primaryimage\"},\"datePublished\":\"2019-02-26T11:41:55+00:00\",\"dateModified\":\"2020-04-02T10:07:14+00:00\",\"description\":\"Conoce la Pol\\u00edtica de Caldiad de Gometegui Industrial.\",\"breadcrumb\":{\"@id\":\"https:\/\/gome.adiweb.es\/?page_id=4037&lang=es#breadcrumb\"},\"inLanguage\":\"es\",\"potentialAction\":[{\"@type\":\"ReadAction\",\"target\":[\"https:\/\/gome.adiweb.es\/?page_id=4037&lang=es\"]}]},{\"@type\":\"BreadcrumbList\",\"@id\":\"https:\/\/gome.adiweb.es\/?page_id=4037&lang=es#breadcrumb\",\"itemListElement\":[{\"@type\":\"ListItem\",\"position\":1,\"item\":{\"@type\":\"WebPage\",\"@id\":\"https:\/\/gome.adiweb.es\/?page_id=17&lang=es\",\"url\":\"https:\/\/gome.adiweb.es\/?page_id=17&lang=es\",\"name\":\"Portada\"}},{\"@type\":\"ListItem\",\"position\":2,\"item\":{\"@id\":\"https:\/\/gome.adiweb.es\/?page_id=4037&lang=es#webpage\"}}]}]}<\/script>\n<!-- \/ Yoast SEO plugin. -->","_links":{"self":[{"href":"https:\/\/gome.adiweb.es\/index.php?rest_route=\/wp\/v2\/pages\/4037","targetHints":{"allow":["GET"]}}],"collection":[{"href":"https:\/\/gome.adiweb.es\/index.php?rest_route=\/wp\/v2\/pages"}],"about":[{"href":"https:\/\/gome.adiweb.es\/index.php?rest_route=\/wp\/v2\/types\/page"}],"author":[{"embeddable":true,"href":"https:\/\/gome.adiweb.es\/index.php?rest_route=\/wp\/v2\/users\/1"}],"replies":[{"embeddable":true,"href":"https:\/\/gome.adiweb.es\/index.php?rest_route=%2Fwp%2Fv2%2Fcomments&post=4037"}],"version-history":[{"count":39,"href":"https:\/\/gome.adiweb.es\/index.php?rest_route=\/wp\/v2\/pages\/4037\/revisions"}],"predecessor-version":[{"id":224483,"href":"https:\/\/gome.adiweb.es\/index.php?rest_route=\/wp\/v2\/pages\/4037\/revisions\/224483"}],"wp:attachment":[{"href":"https:\/\/gome.adiweb.es\/index.php?rest_route=%2Fwp%2Fv2%2Fmedia&parent=4037"}],"curies":[{"name":"wp","href":"https:\/\/api.w.org\/{rel}","templated":true}]}}