{"id":4092,"date":"2019-02-27T11:42:15","date_gmt":"2019-02-27T10:42:15","guid":{"rendered":"https:\/\/gome.adiweb.es\/?page_id=4092"},"modified":"2020-03-12T19:38:03","modified_gmt":"2020-03-12T18:38:03","slug":"generacion-eolica","status":"publish","type":"page","link":"https:\/\/gome.adiweb.es\/?page_id=4092&lang=es","title":{"rendered":"Generaci\u00f3n e\u00f3lica"},"content":{"rendered":"<p>[et_pb_section fb_built=&#8221;1&#8243; module_class=&#8221;fullpage-valign&#8221; _builder_version=&#8221;4.3.4&#8243; background_color=&#8221;rgba(6,32,160,0.64)&#8221; use_background_color_gradient=&#8221;on&#8221; background_color_gradient_start=&#8221;rgba(0,0,0,0.2)&#8221; background_color_gradient_end=&#8221;rgba(0,0,0,0.2)&#8221; background_color_gradient_overlays_image=&#8221;on&#8221; background_image=&#8221;https:\/\/gome.adiweb.es\/wp-content\/uploads\/2019\/04\/Eolica-3.jpg&#8221;][et_pb_row _builder_version=&#8221;3.25&#8243; custom_padding=&#8221;30px|0px|30px|0px|false|false&#8221;][et_pb_column type=&#8221;4_4&#8243; _builder_version=&#8221;3.25&#8243; custom_padding=&#8221;|||&#8221; custom_padding__hover=&#8221;|||&#8221;][et_pb_text admin_label=&#8221;Texto El socio perfecto&#8230;&#8221; _builder_version=&#8221;3.27.4&#8243; header_font=&#8221;||||||||&#8221; header_2_font=&#8221;Roboto||||||||&#8221; header_2_text_color=&#8221;#ffffff&#8221; header_2_line_height=&#8221;1.3em&#8221; background_enable_color=&#8221;off&#8221; custom_margin=&#8221;||0px&#8221; header_2_text_shadow_style=&#8221;preset3&#8243; header_2_text_shadow_blur_strength=&#8221;0.04em&#8221; header_2_text_shadow_color=&#8221;#000000&#8243; header_2_text_shadow_color__hover_enabled=&#8221;on&#8221;]<\/p>\n<h2>PRODUCTOS PARA LA GENERACI\u00d3N DE<\/h2>\n<p>[\/et_pb_text][et_pb_text admin_label=&#8221;Texto El socio perfecto&#8230;&#8221; _builder_version=&#8221;3.27.4&#8243; header_font=&#8221;||||||||&#8221; header_2_font=&#8221;Roboto Condensed|900|||||||&#8221; header_2_font_size=&#8221;90px&#8221; header_2_letter_spacing=&#8221;-4px&#8221; header_2_line_height=&#8221;0.9em&#8221; custom_margin=&#8221;0px||0px&#8221; header_2_font_size_tablet=&#8221;&#8221; header_2_font_size_phone=&#8221;70px&#8221; header_2_font_size_last_edited=&#8221;on|phone&#8221; header_2_text_shadow_style=&#8221;preset3&#8243; header_2_text_shadow_blur_strength=&#8221;0.05em&#8221;]<\/p>\n<h2><span style=\"color: #ffffff;\">ENERG\u00cdA E\u00d3LICA<\/span><\/h2>\n<p>[\/et_pb_text][et_pb_text admin_label=&#8221;Texto El socio perfecto&#8230;&#8221; _builder_version=&#8221;3.27.4&#8243; header_font=&#8221;||||||||&#8221; header_2_font=&#8221;Roboto||||||||&#8221; header_2_text_color=&#8221;#ffffff&#8221; header_2_line_height=&#8221;1.3em&#8221; background_enable_color=&#8221;off&#8221; custom_margin=&#8221;||0px&#8221; header_2_text_shadow_style=&#8221;preset3&#8243; header_2_text_shadow_blur_strength=&#8221;0.04em&#8221; header_2_text_shadow_color=&#8221;#000000&#8243; header_2_text_shadow_color__hover_enabled=&#8221;on&#8221;]<\/p>\n<h2>ROTORS, STATORS, BRACKETS<\/h2>\n<p>[\/et_pb_text][\/et_pb_column][\/et_pb_row][et_pb_row column_structure=&#8221;1_5,1_5,1_5,1_5,1_5&#8243; _builder_version=&#8221;3.25&#8243; locked=&#8221;off&#8221;][et_pb_column type=&#8221;1_5&#8243; _builder_version=&#8221;3.25&#8243; custom_padding=&#8221;|||&#8221; custom_padding__hover=&#8221;|||&#8221;][\/et_pb_column][et_pb_column type=&#8221;1_5&#8243; _builder_version=&#8221;3.25&#8243; custom_padding=&#8221;|||&#8221; custom_padding__hover=&#8221;|||&#8221;][\/et_pb_column][et_pb_column type=&#8221;1_5&#8243; _builder_version=&#8221;3.25&#8243; custom_padding=&#8221;|||&#8221; custom_padding__hover=&#8221;|||&#8221;][\/et_pb_column][et_pb_column type=&#8221;1_5&#8243; _builder_version=&#8221;3.25&#8243; custom_padding=&#8221;|||&#8221; custom_padding__hover=&#8221;|||&#8221;][\/et_pb_column][et_pb_column type=&#8221;1_5&#8243; _builder_version=&#8221;3.25&#8243; custom_padding=&#8221;|||&#8221; custom_padding__hover=&#8221;|||&#8221;][\/et_pb_column][\/et_pb_row][\/et_pb_section][et_pb_section fb_built=&#8221;1&#8243; module_id=&#8221;dos&#8221; _builder_version=&#8221;3.22.3&#8243; locked=&#8221;off&#8221;][et_pb_row column_structure=&#8221;1_2,1_2&#8243; _builder_version=&#8221;3.25&#8243;][et_pb_column type=&#8221;1_2&#8243; _builder_version=&#8221;3.25&#8243; custom_padding=&#8221;|||&#8221; custom_padding__hover=&#8221;|||&#8221;][et_pb_text _builder_version=&#8221;4.3.4&#8243; text_font=&#8221;Roboto|300|||||||&#8221; text_font_size=&#8221;20px&#8221; text_line_height=&#8221;1.4em&#8221; custom_margin=&#8221;||5px&#8221;]<\/p>\n<p><span>\u00bfBuscas un\u00a0<strong>partner<\/strong>\u00a0para la fabricaci\u00f3n de\u00a0<strong>grandes componentes<\/strong>\u00a0para tus aerogeneradores?<\/span><\/p>\n<p><span>Estamos capacitados para la fabricaci\u00f3n de componentes de<\/span><span style=\"font-size: 20px;\">\u00a0<\/span><\/p>\n<p>[\/et_pb_text][et_pb_text _builder_version=&#8221;4.3.4&#8243; text_font=&#8221;Roboto|300|||||||&#8221; header_font=&#8221;Roboto Condensed||||||||&#8221; header_text_color=&#8221;#a3a3a3&#8243; header_font_size=&#8221;75px&#8221; header_2_font=&#8221;||||||||&#8221; header_2_text_color=&#8221;#a3a3a3&#8243; header_2_font_size=&#8221;81px&#8221; custom_margin=&#8221;||5px&#8221; header_2_font_size_tablet=&#8221;&#8221; header_2_font_size_phone=&#8221;38px&#8221; header_2_font_size_last_edited=&#8221;on|phone&#8221;]<\/p>\n<h2>HASTA \u00d810 M\u00a0 Y 120 TONELADAS<\/h2>\n<p>[\/et_pb_text][et_pb_text _builder_version=&#8221;4.3.4&#8243; text_font=&#8221;Roboto|300|||||||&#8221; text_font_size=&#8221;20px&#8221; text_line_height=&#8221;1.4em&#8221;]<\/p>\n<p><span>Contamos con una amplia experiencia en la fabricaci\u00f3n de distintos componentes para las turbinas e\u00f3licas y nos especializamos en los grandes aerogeneradores,\u00a0<strong>hasta 12 MW<\/strong>.<\/span><\/p>\n<p><span>Entre nuestras referencias se encuentra la fabricaci\u00f3n de\u00a0<strong>STATORS, ROTORS, BRACKETS<\/strong>\u00a0o\u00a0<strong>CARCASAS<\/strong>, entre otros.<\/span><\/p>\n<p><span>Contribuimos a la\u00a0<strong>reducci\u00f3n de los costes de mantenimiento<\/strong>\u00a0de los aerogeneradores\u00a0 como resultado de cumplir con los m\u00e1s exigentes est\u00e1ndares en la fabricaci\u00f3n de los componentes.<\/span><\/p>\n<p><span>Adem\u00e1s, facilitamos una\u00a0<strong>cadena de suministro m\u00e1s competitiva<\/strong>\u00a0al adaptar nuestras l\u00edneas de producci\u00f3n hacia la fabricaci\u00f3n de manera seriada.<\/span><\/p>\n<p>[\/et_pb_text][\/et_pb_column][et_pb_column type=&#8221;1_2&#8243; _builder_version=&#8221;3.25&#8243; custom_padding=&#8221;|||&#8221; custom_padding__hover=&#8221;|||&#8221;][et_pb_gallery gallery_ids=&#8221;4100,30140,30141,223345&#8243; fullwidth=&#8221;on&#8221; db_image_object_fit=&#8221;initial&#8221; _builder_version=&#8221;4.3.4&#8243; auto=&#8221;on&#8221;]<br \/>\n[\/et_pb_gallery][\/et_pb_column][\/et_pb_row][\/et_pb_section][et_pb_section fb_built=&#8221;1&#8243; disabled_on=&#8221;off|off|off&#8221; admin_label=&#8221;Pie&#8221; module_id=&#8221;pie&#8221; _builder_version=&#8221;4.4.0&#8243; background_image=&#8221;https:\/\/gome.adiweb.es\/wp-content\/uploads\/2019\/01\/TornoAzul.jpg&#8221; parallax=&#8221;on&#8221; custom_margin=&#8221;||||false|false&#8221; custom_padding=&#8221;0px|0|0px||false|false&#8221; custom_padding_tablet=&#8221;0px||0px|&#8221; transparent_background=&#8221;off&#8221; global_module=&#8221;223835&#8243;][et_pb_row column_structure=&#8221;1_5,1_5,3_5&#8243; _builder_version=&#8221;3.25&#8243;][et_pb_column type=&#8221;1_5&#8243; _builder_version=&#8221;3.25&#8243; custom_padding=&#8221;|||&#8221; custom_padding__hover=&#8221;|||&#8221;][et_pb_text admin_label=&#8221;Text&#8221; _builder_version=&#8221;3.27.4&#8243; text_font=&#8221;Raleway|on|||&#8221; text_text_color=&#8221;#ffffff&#8221; text_font_size=&#8221;28&#8243; text_line_height=&#8221;1.4em&#8221; background_size=&#8221;initial&#8221; background_position=&#8221;top_left&#8221; background_repeat=&#8221;repeat&#8221; custom_margin=&#8221;||8px|&#8221; custom_css_main_element=&#8221;font-weight: 900;&#8221; use_border_color=&#8221;off&#8221; border_color=&#8221;#ffffff&#8221; border_style=&#8221;solid&#8221;]<\/p>\n<p><img loading=\"lazy\" decoding=\"async\" class=\"wp-image-38 alignnone size-medium\" src=\"https:\/\/gome.adiweb.es\/wp-content\/uploads\/2019\/01\/LogoBlanco-300x79.png\" alt=\"\" width=\"300\" height=\"79\" \/><\/p>\n<p>[\/et_pb_text][et_pb_text admin_label=&#8221;Text&#8221; _builder_version=&#8221;3.27.4&#8243; text_font=&#8221;Source Sans Pro||||&#8221; text_text_color=&#8221;#ffffff&#8221; text_font_size=&#8221;16&#8243; text_line_height=&#8221;1.5em&#8221; background_size=&#8221;initial&#8221; background_position=&#8221;top_left&#8221; background_repeat=&#8221;repeat&#8221; max_width=&#8221;300px&#8221; custom_margin=&#8221;||30px|&#8221; custom_margin_tablet=&#8221;||10px|&#8221; custom_margin_phone=&#8221;&#8221; custom_margin_last_edited=&#8221;on|tablet&#8221; custom_padding=&#8221;0px|||&#8221; use_border_color=&#8221;off&#8221; border_color=&#8221;#ffffff&#8221; border_style=&#8221;solid&#8221;]<\/p>\n<p>Katuxa Ibarra 7<br \/>01400 &#8211; LAUDIO LLODIO (ARABA) SPAIN<br \/>+34 946 728 505<br \/>info@ngometegui.local<\/p>\n<p>[\/et_pb_text][\/et_pb_column][et_pb_column type=&#8221;1_5&#8243; _builder_version=&#8221;3.25&#8243; custom_padding=&#8221;|||&#8221; custom_padding__hover=&#8221;|||&#8221;][et_pb_text admin_label=&#8221;Text&#8221; _builder_version=&#8221;4.3.4&#8243; text_font=&#8221;Roboto|300|||||||&#8221; text_text_color=&#8221;#ffffff&#8221; text_font_size=&#8221;16px&#8221; text_line_height=&#8221;2.2em&#8221; header_font=&#8221;||||||||&#8221; header_3_font=&#8221;||||||||&#8221; header_3_text_color=&#8221;#ffffff&#8221; background_size=&#8221;initial&#8221; background_position=&#8221;top_left&#8221; background_repeat=&#8221;repeat&#8221; custom_padding=&#8221;0px|||&#8221; use_border_color=&#8221;off&#8221; border_color=&#8221;#ffffff&#8221; border_style=&#8221;solid&#8221;]<\/p>\n<h3><span style=\"color: #ffffff;\"><\/span>HEAVY INDUSTRY MANUFACTURING<\/h3>\n<p>Especialistas en la fabricaci\u00f3n integral de grandes componentes para la industria pesada.\u00a0<\/p>\n<p>[\/et_pb_text][\/et_pb_column][et_pb_column type=&#8221;3_5&#8243; _builder_version=&#8221;3.25&#8243; custom_padding=&#8221;|||&#8221; custom_padding__hover=&#8221;|||&#8221;][et_pb_text admin_label=&#8221;Text&#8221; _builder_version=&#8221;4.3.2&#8243; text_font=&#8221;Roboto|700|||||||&#8221; text_text_color=&#8221;#ffffff&#8221; text_font_size=&#8221;18&#8243; text_line_height=&#8221;1.4em&#8221; background_size=&#8221;initial&#8221; background_position=&#8221;top_left&#8221; background_repeat=&#8221;repeat&#8221; custom_margin=&#8221;||8px|&#8221; use_border_color=&#8221;off&#8221; border_color=&#8221;#ffffff&#8221; border_style=&#8221;solid&#8221;]<\/p>\n<p>ENV\u00cdANOS UNA CONSULTA<\/p>\n<p>[\/et_pb_text][et_pb_contact_form email=&#8221;pablo@gome.adiweb.es,info@ngometegui.local&#8221; custom_message=&#8221;Una consulta desde el formulario al pie de la web gometegui.com en espa\u00f1ol:||et_pb_line_break_holder||Nombre: %%Name%%||et_pb_line_break_holder||Email:_ %%Email%%||et_pb_line_break_holder||Consulta o mensaje: %%Message%%||et_pb_line_break_holder||SI,  %%Privacidad%% Pol\u00edtica de Privacidad.&#8221; success_message=&#8221;Muchas gracias por enviar su consulta. En breve nos pondremos en contacto  para responderla.&#8221; submit_button_text=&#8221;ENVIAR&#8221; module_id=&#8221;et_pb_contact_form_0&#8243; _builder_version=&#8221;3.29.3&#8243; form_field_background_color=&#8221;rgba(0,0,0,0)&#8221; form_field_text_color=&#8221;#ffffff&#8221; form_field_focus_text_color=&#8221;#ffffff&#8221; captcha_text_color=&#8221;#ffffff&#8221; form_field_font=&#8221;Roboto||||||||&#8221; custom_button=&#8221;on&#8221; button_text_size=&#8221;14px&#8221; button_text_color=&#8221;#ffffff&#8221; button_border_width=&#8221;1px&#8221; button_border_color=&#8221;rgba(255,255,255,0.55)&#8221; button_font=&#8221;||||||||&#8221; border_radii=&#8221;on|3px|3px|3px|3px&#8221; border_width_all=&#8221;1px&#8221; border_color_all=&#8221;rgba(255,255,255,0.54)&#8221; form_background_color=&#8221;rgba(0,0,0,0)&#8221;][et_pb_contact_field field_id=&#8221;Name&#8221; field_title=&#8221;NOMBRE&#8221; _builder_version=&#8221;3.22.2&#8243; button_text_size__hover_enabled=&#8221;off&#8221; button_one_text_size__hover_enabled=&#8221;off&#8221; button_two_text_size__hover_enabled=&#8221;off&#8221; button_text_color__hover_enabled=&#8221;off&#8221; button_one_text_color__hover_enabled=&#8221;off&#8221; button_two_text_color__hover_enabled=&#8221;off&#8221; button_border_width__hover_enabled=&#8221;off&#8221; button_one_border_width__hover_enabled=&#8221;off&#8221; button_two_border_width__hover_enabled=&#8221;off&#8221; button_border_color__hover_enabled=&#8221;off&#8221; button_one_border_color__hover_enabled=&#8221;off&#8221; button_two_border_color__hover_enabled=&#8221;off&#8221; button_border_radius__hover_enabled=&#8221;off&#8221; button_one_border_radius__hover_enabled=&#8221;off&#8221; button_two_border_radius__hover_enabled=&#8221;off&#8221; button_letter_spacing__hover_enabled=&#8221;off&#8221; button_one_letter_spacing__hover_enabled=&#8221;off&#8221; button_two_letter_spacing__hover_enabled=&#8221;off&#8221; button_bg_color__hover_enabled=&#8221;off&#8221; button_one_bg_color__hover_enabled=&#8221;off&#8221; button_two_bg_color__hover_enabled=&#8221;off&#8221;][\/et_pb_contact_field][et_pb_contact_field field_id=&#8221;Email&#8221; field_title=&#8221;E-MAIL&#8221; field_type=&#8221;email&#8221; _builder_version=&#8221;3.22.7&#8243; button_text_size__hover_enabled=&#8221;off&#8221; button_one_text_size__hover_enabled=&#8221;off&#8221; button_two_text_size__hover_enabled=&#8221;off&#8221; button_text_color__hover_enabled=&#8221;off&#8221; button_one_text_color__hover_enabled=&#8221;off&#8221; button_two_text_color__hover_enabled=&#8221;off&#8221; button_border_width__hover_enabled=&#8221;off&#8221; button_one_border_width__hover_enabled=&#8221;off&#8221; button_two_border_width__hover_enabled=&#8221;off&#8221; button_border_color__hover_enabled=&#8221;off&#8221; button_one_border_color__hover_enabled=&#8221;off&#8221; button_two_border_color__hover_enabled=&#8221;off&#8221; button_border_radius__hover_enabled=&#8221;off&#8221; button_one_border_radius__hover_enabled=&#8221;off&#8221; button_two_border_radius__hover_enabled=&#8221;off&#8221; button_letter_spacing__hover_enabled=&#8221;off&#8221; button_one_letter_spacing__hover_enabled=&#8221;off&#8221; button_two_letter_spacing__hover_enabled=&#8221;off&#8221; button_bg_color__hover_enabled=&#8221;off&#8221; button_one_bg_color__hover_enabled=&#8221;off&#8221; button_two_bg_color__hover_enabled=&#8221;off&#8221;][\/et_pb_contact_field][et_pb_contact_field field_id=&#8221;Message&#8221; field_title=&#8221;CONSULTA O MENSAJE&#8221; field_type=&#8221;text&#8221; fullwidth_field=&#8221;on&#8221; _builder_version=&#8221;3.22.2&#8243; button_text_size__hover_enabled=&#8221;off&#8221; button_one_text_size__hover_enabled=&#8221;off&#8221; button_two_text_size__hover_enabled=&#8221;off&#8221; button_text_color__hover_enabled=&#8221;off&#8221; button_one_text_color__hover_enabled=&#8221;off&#8221; button_two_text_color__hover_enabled=&#8221;off&#8221; button_border_width__hover_enabled=&#8221;off&#8221; button_one_border_width__hover_enabled=&#8221;off&#8221; button_two_border_width__hover_enabled=&#8221;off&#8221; button_border_color__hover_enabled=&#8221;off&#8221; button_one_border_color__hover_enabled=&#8221;off&#8221; button_two_border_color__hover_enabled=&#8221;off&#8221; button_border_radius__hover_enabled=&#8221;off&#8221; button_one_border_radius__hover_enabled=&#8221;off&#8221; button_two_border_radius__hover_enabled=&#8221;off&#8221; button_letter_spacing__hover_enabled=&#8221;off&#8221; button_one_letter_spacing__hover_enabled=&#8221;off&#8221; button_two_letter_spacing__hover_enabled=&#8221;off&#8221; button_bg_color__hover_enabled=&#8221;off&#8221; button_one_bg_color__hover_enabled=&#8221;off&#8221; button_two_bg_color__hover_enabled=&#8221;off&#8221;][\/et_pb_contact_field][et_pb_contact_field field_id=&#8221;Privacidad&#8221; field_title=&#8221; &#8221; field_type=&#8221;checkbox&#8221; checkbox_options=&#8221;%91{%22value%22:%22 He le\u00eddo y acepto la %22,%22checked%22:0,%22dragID%22:-1,%22link_url%22:%22https:\/\/gome.adiweb.es\/es\/clausula-informativa\/%22,%22link_text%22:%22cl\u00e1usula informativa%22}%93&#8243; fullwidth_field=&#8221;on&#8221; _builder_version=&#8221;3.22.7&#8243; custom_margin=&#8221;-17px||&#8221;][\/et_pb_contact_field][\/et_pb_contact_form][\/et_pb_column][\/et_pb_row][\/et_pb_section]<\/p>\n","protected":false},"excerpt":{"rendered":"<p>[et_pb_section fb_built=&#8221;1&#8243; module_class=&#8221;fullpage-valign&#8221; _builder_version=&#8221;4.3.4&#8243; background_color=&#8221;rgba(6,32,160,0.64)&#8221; use_background_color_gradient=&#8221;on&#8221; background_color_gradient_start=&#8221;rgba(0,0,0,0.2)&#8221; background_color_gradient_end=&#8221;rgba(0,0,0,0.2)&#8221; background_color_gradient_overlays_image=&#8221;on&#8221; background_image=&#8221;https:\/\/gome.adiweb.es\/wp-content\/uploads\/2019\/04\/Eolica-3.jpg&#8221;][et_pb_row _builder_version=&#8221;3.25&#8243; custom_padding=&#8221;30px|0px|30px|0px|false|false&#8221;][et_pb_column type=&#8221;4_4&#8243; _builder_version=&#8221;3.25&#8243; custom_padding=&#8221;|||&#8221; custom_padding__hover=&#8221;|||&#8221;][et_pb_text admin_label=&#8221;Texto El socio perfecto&#8230;&#8221; _builder_version=&#8221;3.27.4&#8243; header_font=&#8221;||||||||&#8221; header_2_font=&#8221;Roboto||||||||&#8221; header_2_text_color=&#8221;#ffffff&#8221; header_2_line_height=&#8221;1.3em&#8221; background_enable_color=&#8221;off&#8221; custom_margin=&#8221;||0px&#8221; header_2_text_shadow_style=&#8221;preset3&#8243; header_2_text_shadow_blur_strength=&#8221;0.04em&#8221; header_2_text_shadow_color=&#8221;#000000&#8243; header_2_text_shadow_color__hover_enabled=&#8221;on&#8221;] PRODUCTOS PARA LA GENERACI\u00d3N DE [\/et_pb_text][et_pb_text admin_label=&#8221;Texto El socio perfecto&#8230;&#8221; _builder_version=&#8221;3.27.4&#8243; header_font=&#8221;||||||||&#8221; header_2_font=&#8221;Roboto Condensed|900|||||||&#8221; header_2_font_size=&#8221;90px&#8221; header_2_letter_spacing=&#8221;-4px&#8221; header_2_line_height=&#8221;0.9em&#8221; custom_margin=&#8221;0px||0px&#8221; header_2_font_size_tablet=&#8221;&#8221; header_2_font_size_phone=&#8221;70px&#8221; header_2_font_size_last_edited=&#8221;on|phone&#8221; header_2_text_shadow_style=&#8221;preset3&#8243; header_2_text_shadow_blur_strength=&#8221;0.05em&#8221;] ENERG\u00cdA [&hellip;]<\/p>\n","protected":false},"author":1,"featured_media":0,"parent":0,"menu_order":0,"comment_status":"closed","ping_status":"closed","template":"","meta":{"_et_pb_use_builder":"on","_et_pb_old_content":"","_et_gb_content_width":"","footnotes":""},"class_list":["post-4092","page","type-page","status-publish","hentry"],"yoast_head":"<!-- This site is optimized with the Yoast SEO plugin v16.3 - https:\/\/yoast.com\/wordpress\/plugins\/seo\/ -->\n<title>Fabricaci\u00f3n de Grandes Componentes para Generaci\u00f3n E\u00f3lica | Gometegui Industrial<\/title>\n<meta name=\"description\" content=\"Descubre las Soluciones de Fabricaci\u00f3n Integral de Grandes Componentes para Generaci\u00f3n E\u00f3lica de Gometegui Industrial.\" \/>\n<meta name=\"robots\" content=\"index, follow, max-snippet:-1, max-image-preview:large, max-video-preview:-1\" \/>\n<link rel=\"canonical\" href=\"https:\/\/gome.adiweb.es\/?page_id=4092&#038;lang=es\" \/>\n<meta property=\"og:locale\" content=\"es_ES\" \/>\n<meta property=\"og:type\" content=\"article\" \/>\n<meta property=\"og:title\" content=\"Fabricaci\u00f3n de Grandes Componentes para Generaci\u00f3n E\u00f3lica | Gometegui Industrial\" \/>\n<meta property=\"og:description\" content=\"Descubre las Soluciones de Fabricaci\u00f3n Integral de Grandes Componentes para Generaci\u00f3n E\u00f3lica de Gometegui Industrial.\" \/>\n<meta property=\"og:url\" content=\"https:\/\/gome.adiweb.es\/?page_id=4092&amp;lang=es\" \/>\n<meta property=\"og:site_name\" content=\"Gometegui Industrial S.L.\" \/>\n<meta property=\"article:modified_time\" content=\"2020-03-12T18:38:03+00:00\" \/>\n<meta property=\"og:image\" content=\"https:\/\/gome.adiweb.es\/wp-content\/uploads\/2019\/01\/LogoBlanco-300x79.png\" \/>\n<meta name=\"twitter:card\" content=\"summary_large_image\" \/>\n<meta name=\"twitter:label1\" content=\"Tiempo de lectura\">\n\t<meta name=\"twitter:data1\" content=\"8 minutos\">\n<script type=\"application\/ld+json\" class=\"yoast-schema-graph\">{\"@context\":\"https:\/\/schema.org\",\"@graph\":[{\"@type\":\"WebSite\",\"@id\":\"https:\/\/gome.adiweb.es\/#website\",\"url\":\"https:\/\/gome.adiweb.es\/\",\"name\":\"Gometegui Industrial S.L.\",\"description\":\"Calderer\\u00eda industrial pesada\",\"potentialAction\":[{\"@type\":\"SearchAction\",\"target\":\"https:\/\/gome.adiweb.es\/?s={search_term_string}\",\"query-input\":\"required name=search_term_string\"}],\"inLanguage\":\"es\"},{\"@type\":\"ImageObject\",\"@id\":\"https:\/\/gome.adiweb.es\/?page_id=4092&lang=es#primaryimage\",\"inLanguage\":\"es\",\"url\":\"https:\/\/gome.adiweb.es\/wp-content\/uploads\/2019\/01\/LogoBlanco-300x79.png\",\"contentUrl\":\"https:\/\/gome.adiweb.es\/wp-content\/uploads\/2019\/01\/LogoBlanco-300x79.png\"},{\"@type\":\"WebPage\",\"@id\":\"https:\/\/gome.adiweb.es\/?page_id=4092&lang=es#webpage\",\"url\":\"https:\/\/gome.adiweb.es\/?page_id=4092&lang=es\",\"name\":\"Fabricaci\\u00f3n de Grandes Componentes para Generaci\\u00f3n E\\u00f3lica | Gometegui Industrial\",\"isPartOf\":{\"@id\":\"https:\/\/gome.adiweb.es\/#website\"},\"primaryImageOfPage\":{\"@id\":\"https:\/\/gome.adiweb.es\/?page_id=4092&lang=es#primaryimage\"},\"datePublished\":\"2019-02-27T10:42:15+00:00\",\"dateModified\":\"2020-03-12T18:38:03+00:00\",\"description\":\"Descubre las Soluciones de Fabricaci\\u00f3n Integral de Grandes Componentes para Generaci\\u00f3n E\\u00f3lica de Gometegui Industrial.\",\"breadcrumb\":{\"@id\":\"https:\/\/gome.adiweb.es\/?page_id=4092&lang=es#breadcrumb\"},\"inLanguage\":\"es\",\"potentialAction\":[{\"@type\":\"ReadAction\",\"target\":[\"https:\/\/gome.adiweb.es\/?page_id=4092&lang=es\"]}]},{\"@type\":\"BreadcrumbList\",\"@id\":\"https:\/\/gome.adiweb.es\/?page_id=4092&lang=es#breadcrumb\",\"itemListElement\":[{\"@type\":\"ListItem\",\"position\":1,\"item\":{\"@type\":\"WebPage\",\"@id\":\"https:\/\/gome.adiweb.es\/?page_id=17&lang=es\",\"url\":\"https:\/\/gome.adiweb.es\/?page_id=17&lang=es\",\"name\":\"Portada\"}},{\"@type\":\"ListItem\",\"position\":2,\"item\":{\"@id\":\"https:\/\/gome.adiweb.es\/?page_id=4092&lang=es#webpage\"}}]}]}<\/script>\n<!-- \/ Yoast SEO plugin. -->","_links":{"self":[{"href":"https:\/\/gome.adiweb.es\/index.php?rest_route=\/wp\/v2\/pages\/4092","targetHints":{"allow":["GET"]}}],"collection":[{"href":"https:\/\/gome.adiweb.es\/index.php?rest_route=\/wp\/v2\/pages"}],"about":[{"href":"https:\/\/gome.adiweb.es\/index.php?rest_route=\/wp\/v2\/types\/page"}],"author":[{"embeddable":true,"href":"https:\/\/gome.adiweb.es\/index.php?rest_route=\/wp\/v2\/users\/1"}],"replies":[{"embeddable":true,"href":"https:\/\/gome.adiweb.es\/index.php?rest_route=%2Fwp%2Fv2%2Fcomments&post=4092"}],"version-history":[{"count":31,"href":"https:\/\/gome.adiweb.es\/index.php?rest_route=\/wp\/v2\/pages\/4092\/revisions"}],"predecessor-version":[{"id":223851,"href":"https:\/\/gome.adiweb.es\/index.php?rest_route=\/wp\/v2\/pages\/4092\/revisions\/223851"}],"wp:attachment":[{"href":"https:\/\/gome.adiweb.es\/index.php?rest_route=%2Fwp%2Fv2%2Fmedia&parent=4092"}],"curies":[{"name":"wp","href":"https:\/\/api.w.org\/{rel}","templated":true}]}}